{"id":9680,"date":"2024-06-04T13:15:14","date_gmt":"2024-06-04T11:15:14","guid":{"rendered":"https:\/\/samantha-claire.com\/omkring\/"},"modified":"2024-10-21T17:19:45","modified_gmt":"2024-10-21T15:19:45","slug":"omkring","status":"publish","type":"page","link":"https:\/\/samantha-claire.com\/da\/omkring\/","title":{"rendered":"Omkring"},"content":{"rendered":"\t\t<div data-elementor-type=\"wp-page\" data-elementor-id=\"9680\" class=\"elementor elementor-9680 elementor-8844\" data-elementor-post-type=\"page\">\n\t\t\t\t<div class=\"elementor-element elementor-element-5e123b4e dark e-flex e-con-boxed e-con e-parent\" data-id=\"5e123b4e\" data-element_type=\"container\" data-e-type=\"container\">\n\t\t\t\t\t<div class=\"e-con-inner\">\n\t\t\t\t<div class=\"elementor-element elementor-element-52374953 elementor-icon-list--layout-inline elementor-align-start elementor-widget__width-initial elementor-list-item-link-full_width elementor-widget elementor-widget-icon-list\" data-id=\"52374953\" data-element_type=\"widget\" data-e-type=\"widget\" data-widget_type=\"icon-list.default\">\n\t\t\t\t<div class=\"elementor-widget-container\">\n\t\t\t\t\t\t\t<ul class=\"elementor-icon-list-items elementor-inline-items\">\n\t\t\t\t\t\t\t<li class=\"elementor-icon-list-item elementor-inline-item\">\n\t\t\t\t\t\t\t\t\t\t\t<a href=\"mailto:samantha@samantha-claire.com\">\n\n\t\t\t\t\t\t\t\t\t\t\t<span class=\"elementor-icon-list-text\">samantha@samantha-claire.com<\/span>\n\t\t\t\t\t\t\t\t\t\t\t<\/a>\n\t\t\t\t\t\t\t\t\t<\/li>\n\t\t\t\t\t\t<\/ul>\n\t\t\t\t\t\t<\/div>\n\t\t\t\t<\/div>\n\t\t\t\t\t<\/div>\n\t\t\t\t<\/div>\n\t\t<div class=\"elementor-element elementor-element-836c26d e-con-full no-padding e-flex e-con e-parent\" data-id=\"836c26d\" data-element_type=\"container\" data-e-type=\"container\">\n\t\t<div class=\"elementor-element elementor-element-9fa936e e-con-full e-flex e-con e-child\" data-id=\"9fa936e\" data-element_type=\"container\" data-e-type=\"container\" data-settings=\"{&quot;background_background&quot;:&quot;classic&quot;}\">\n\t\t\t\t<\/div>\n\t\t<div class=\"elementor-element elementor-element-cd2cf3a e-con-full contained e-flex e-con e-child\" data-id=\"cd2cf3a\" data-element_type=\"container\" data-e-type=\"container\">\n\t\t\t\t<div class=\"elementor-element elementor-element-6dc3e47 elementor-widget elementor-widget-heading\" data-id=\"6dc3e47\" data-element_type=\"widget\" data-e-type=\"widget\" data-widget_type=\"heading.default\">\n\t\t\t\t<div class=\"elementor-widget-container\">\n\t\t\t\t\t<h6 class=\"elementor-heading-title elementor-size-default\">Om Samantha Claire<\/h6>\t\t\t\t<\/div>\n\t\t\t\t<\/div>\n\t\t\t\t<div class=\"elementor-element elementor-element-c2b2b2c elementor-widget elementor-widget-image\" data-id=\"c2b2b2c\" data-element_type=\"widget\" data-e-type=\"widget\" data-widget_type=\"image.default\">\n\t\t\t\t<div class=\"elementor-widget-container\">\n\t\t\t\t\t\t\t\t\t\t\t\t\t\t\t<img decoding=\"async\" src=\"https:\/\/samantha-claire.com\/wp-content\/uploads\/elementor\/thumbs\/Skaermbillede_2024-06-04_kl._10.15.31-removebg-preview-qp5maq9q90ie5nhty6ggkhkn3vod26umsyt9e8l8aw.png\" title=\"Sk\u00e6rmbillede_2024-06-04_kl._10.15.31-removebg-preview\" alt=\"Sk\u00e6rmbillede_2024-06-04_kl._10.15.31-removebg-preview\" loading=\"lazy\" \/>\t\t\t\t\t\t\t\t\t\t\t\t\t\t\t<\/div>\n\t\t\t\t<\/div>\n\t\t\t\t<div class=\"elementor-element elementor-element-c0c8a6d elementor-widget elementor-widget-text-editor\" data-id=\"c0c8a6d\" data-element_type=\"widget\" data-e-type=\"widget\" data-widget_type=\"text-editor.default\">\n\t\t\t\t<div class=\"elementor-widget-container\">\n\t\t\t\t\t\t\t\t\t<p>Samantha Claire er mor, singer-songwriter, forfatter, yogal\u00e6rer, livscoach, facilitator af ekstatisk dans og shamanistisk praktiker. Hun er oprindeligt fra Cape Town i Sydafrika og har en baggrund inden for scenekunst og arbejdede 16 \u00e5r i London med fysisk teater. I l\u00f8bet af de sidste 20 \u00e5r har hendes rejse f\u00f8rt hende til at studere kundaliniyoga (hvor hun blev kvalificeret yogal\u00e6rer), bev\u00e6gelsesterapi, shamanisme og i \u00f8jeblikket afsluttet sin uddannelse i traumeterapi med Gabor Mate kaldet Compassionate enquiry.    <\/p>\n<p>Samantha bor i \u00f8jeblikket i K\u00f8benhavn, hvor hun afholder retreats og tilbyder 1:1 coaching og traumehealing. Hun er mor til to engagerede og nysgerrige drenge. Efter f\u00f8dslen af sin f\u00f8rste s\u00f8n blev Samantha inspireret til at st\u00f8tte nybagte m\u00f8dre ved at fremme naturlig hjemmef\u00f8dsel og indkapsling af moderkagen, og hun blev uddannet doula.  <\/p>\t\t\t\t\t\t\t\t<\/div>\n\t\t\t\t<\/div>\n\t\t\t\t<\/div>\n\t\t\t\t<\/div>\n\t\t<div class=\"elementor-element elementor-element-77db546 e-con-full no-padding e-flex e-con e-parent\" data-id=\"77db546\" data-element_type=\"container\" data-e-type=\"container\">\n\t\t<div class=\"elementor-element elementor-element-a0cae1d e-con-full contained left e-flex e-con e-child\" data-id=\"a0cae1d\" data-element_type=\"container\" data-e-type=\"container\">\n\t\t\t\t<div class=\"elementor-element elementor-element-899324b elementor-widget elementor-widget-heading\" data-id=\"899324b\" data-element_type=\"widget\" data-e-type=\"widget\" data-widget_type=\"heading.default\">\n\t\t\t\t<div class=\"elementor-widget-container\">\n\t\t\t\t\t<h6 class=\"elementor-heading-title elementor-size-default\">Levende k\u00e6rlighed til livet<\/h6>\t\t\t\t<\/div>\n\t\t\t\t<\/div>\n\t\t\t\t<div class=\"elementor-element elementor-element-49e15ac elementor-widget elementor-widget-image\" data-id=\"49e15ac\" data-element_type=\"widget\" data-e-type=\"widget\" data-widget_type=\"image.default\">\n\t\t\t\t<div class=\"elementor-widget-container\">\n\t\t\t\t\t\t\t\t\t\t\t\t\t\t\t<img decoding=\"async\" src=\"https:\/\/samantha-claire.com\/wp-content\/uploads\/elementor\/thumbs\/Skaermbillede_2024-06-04_kl._10.15.31-removebg-preview-qp5maq9q90ie5nhty6ggkhkn3vod26umsyt9e8l8aw.png\" title=\"Sk\u00e6rmbillede_2024-06-04_kl._10.15.31-removebg-preview\" alt=\"Sk\u00e6rmbillede_2024-06-04_kl._10.15.31-removebg-preview\" loading=\"lazy\" \/>\t\t\t\t\t\t\t\t\t\t\t\t\t\t\t<\/div>\n\t\t\t\t<\/div>\n\t\t\t\t<div class=\"elementor-element elementor-element-66b8514 elementor-widget elementor-widget-text-editor\" data-id=\"66b8514\" data-element_type=\"widget\" data-e-type=\"widget\" data-widget_type=\"text-editor.default\">\n\t\t\t\t<div class=\"elementor-widget-container\">\n\t\t\t\t\t\t\t\t\t<p>Samanthas pulserende k\u00e6rlighed til livet har altid drevet hendes arbejde. Hun henter inspiration fra 5-rytmer, kontaktimprovisation, shamanisme, tantra, kundalini-yoga og sin dybe l\u00e6re fra Amazonas-junglen, hvor hun har brugt meget tid p\u00e5 at arbejde t\u00e6t sammen med medicinplanter og lokale stammer. Hendes arbejde handler om at genoprette balancen og tilliden i vores kroppe og genskabe forbindelsen til vores hjerter som en kilde til indre kraft og visdom. Hun hj\u00e6lper klienter med at v\u00e6kke deres indre frihed, leve deres form\u00e5l og skabe kraftfulde, autentiske liv. Samanthas Deep Meditation Retreats afholdes i Skandinavien, Europa, Peru og Sydafrika og omfatter forskellige metoder for at sikre, at deltagerne f\u00f8ler sig trygge, st\u00f8ttede og dybt forandrede.    <\/p>\n\t\t\t\t\t\t\t\t<\/div>\n\t\t\t\t<\/div>\n\t\t\t\t<\/div>\n\t\t<div class=\"elementor-element elementor-element-ad987f9 e-con-full e-flex e-con e-child\" data-id=\"ad987f9\" data-element_type=\"container\" data-e-type=\"container\" data-settings=\"{&quot;background_background&quot;:&quot;classic&quot;}\">\n\t\t\t\t<\/div>\n\t\t\t\t<\/div>\n\t\t<div class=\"elementor-element elementor-element-c0b06cd e-flex e-con-boxed e-con e-parent\" data-id=\"c0b06cd\" data-element_type=\"container\" data-e-type=\"container\">\n\t\t\t\t\t<div class=\"e-con-inner\">\n\t\t<div class=\"elementor-element elementor-element-2563dc4 e-con-full e-flex e-con e-child\" data-id=\"2563dc4\" data-element_type=\"container\" data-e-type=\"container\">\n\t\t<div class=\"elementor-element elementor-element-cd8cba5 e-con-full e-flex e-con e-child\" data-id=\"cd8cba5\" data-element_type=\"container\" data-e-type=\"container\">\n\t\t\t\t<div class=\"elementor-element elementor-element-febae22 elementor-widget elementor-widget-text-editor\" data-id=\"febae22\" data-element_type=\"widget\" data-e-type=\"widget\" data-widget_type=\"text-editor.default\">\n\t\t\t\t<div class=\"elementor-widget-container\">\n\t\t\t\t\t\t\t\t\t<h3>Abonner<\/h3>\n<p>Tilmeld dig Samanthas nyhedsbrev og modtag opdateringer om retreats og kommende arrangementer. Ingen spam, det lover jeg! <\/p>\n\t\t\t\t\t\t\t\t<\/div>\n\t\t\t\t<\/div>\n\t\t\t\t<\/div>\n\t\t<div class=\"elementor-element elementor-element-c71d23e e-con-full e-flex e-con e-child\" data-id=\"c71d23e\" data-element_type=\"container\" data-e-type=\"container\">\n\t\t\t\t<div class=\"elementor-element elementor-element-6d46a2a underline elementor-widget elementor-widget-shortcode\" data-id=\"6d46a2a\" data-element_type=\"widget\" data-e-type=\"widget\" data-widget_type=\"shortcode.default\">\n\t\t\t\t<div class=\"elementor-widget-container\">\n\t\t\t\t\t\t\t<div class=\"elementor-shortcode\"><form id=\"forminator-module-9743\" class=\"forminator-custom-form forminator-custom-form-9743\" method=\"post\" data-forminator-render=\"0\" data-uid=\"69edbc2326068\"><div role=\"alert\" aria-live=\"polite\" class=\"forminator-response-message forminator-error\" aria-hidden=\"true\"><\/div><\/form><\/div>\n\t\t\t\t\t\t<\/div>\n\t\t\t\t<\/div>\n\t\t\t\t<\/div>\n\t\t\t\t<\/div>\n\t\t\t\t\t<\/div>\n\t\t\t\t<\/div>\n\t\t\t\t<\/div>\n\t\t","protected":false},"excerpt":{"rendered":"<p>samantha@samantha-claire.com Om Samantha Claire Samantha Claire er mor, singer-songwriter, forfatter, yogal\u00e6rer, livscoach, facilitator af ekstatisk dans og shamanistisk praktiker. Hun er oprindeligt fra Cape Town i Sydafrika og har en baggrund inden for scenekunst og arbejdede 16 \u00e5r i London med fysisk teater. I l\u00f8bet af de sidste 20 \u00e5r har hendes rejse f\u00f8rt hende &#8230; <a title=\"Omkring\" class=\"read-more\" href=\"https:\/\/samantha-claire.com\/da\/omkring\/\" aria-label=\"Read more about Omkring\">L\u00e6s Mere<\/a><\/p>\n","protected":false},"author":9,"featured_media":0,"parent":0,"menu_order":1000,"comment_status":"closed","ping_status":"closed","template":"","meta":{"_acf_changed":false,"footnotes":""},"categories":[],"class_list":["post-9680","page","type-page","status-publish"],"acf":[],"yoast_head":"<!-- This site is optimized with the Yoast SEO plugin v27.4 - https:\/\/yoast.com\/product\/yoast-seo-wordpress\/ -->\n<title>Omkring | Samantha Claire<\/title>\n<meta name=\"robots\" content=\"index, follow, max-snippet:-1, max-image-preview:large, max-video-preview:-1\" \/>\n<link rel=\"canonical\" href=\"https:\/\/samantha-claire.com\/da\/omkring\/\" \/>\n<meta property=\"og:locale\" content=\"da_DK\" \/>\n<meta property=\"og:type\" content=\"article\" \/>\n<meta property=\"og:title\" content=\"Omkring | Samantha Claire\" \/>\n<meta property=\"og:description\" content=\"samantha@samantha-claire.com Om Samantha Claire Samantha Claire er mor, singer-songwriter, forfatter, yogal\u00e6rer, livscoach, facilitator af ekstatisk dans og shamanistisk praktiker. Hun er oprindeligt fra Cape Town i Sydafrika og har en baggrund inden for scenekunst og arbejdede 16 \u00e5r i London med fysisk teater. I l\u00f8bet af de sidste 20 \u00e5r har hendes rejse f\u00f8rt hende ... L\u00e6s Mere\" \/>\n<meta property=\"og:url\" content=\"https:\/\/samantha-claire.com\/da\/omkring\/\" \/>\n<meta property=\"og:site_name\" content=\"Samantha Claire\" \/>\n<meta property=\"article:modified_time\" content=\"2024-10-21T15:19:45+00:00\" \/>\n<meta property=\"og:image\" content=\"https:\/\/samantha-claire.com\/wp-content\/uploads\/elementor\/thumbs\/Skaermbillede_2024-06-04_kl._10.15.31-removebg-preview-qp5maq9q90ie5nhty6ggkhkn3vod26umsyt9e8l8aw.png\" \/>\n<meta name=\"twitter:card\" content=\"summary_large_image\" \/>\n<meta name=\"twitter:label1\" content=\"Estimeret l\u00e6setid\" \/>\n\t<meta name=\"twitter:data1\" content=\"1 minut\" \/>\n<script type=\"application\/ld+json\" class=\"yoast-schema-graph\">{\"@context\":\"https:\\\/\\\/schema.org\",\"@graph\":[{\"@type\":\"WebPage\",\"@id\":\"https:\\\/\\\/samantha-claire.com\\\/da\\\/omkring\\\/\",\"url\":\"https:\\\/\\\/samantha-claire.com\\\/da\\\/omkring\\\/\",\"name\":\"Omkring | Samantha Claire\",\"isPartOf\":{\"@id\":\"https:\\\/\\\/samantha-claire.com\\\/#website\"},\"primaryImageOfPage\":{\"@id\":\"https:\\\/\\\/samantha-claire.com\\\/da\\\/omkring\\\/#primaryimage\"},\"image\":{\"@id\":\"https:\\\/\\\/samantha-claire.com\\\/da\\\/omkring\\\/#primaryimage\"},\"thumbnailUrl\":\"https:\\\/\\\/samantha-claire.com\\\/wp-content\\\/uploads\\\/elementor\\\/thumbs\\\/Skaermbillede_2024-06-04_kl._10.15.31-removebg-preview-qp5maq9q90ie5nhty6ggkhkn3vod26umsyt9e8l8aw.png\",\"datePublished\":\"2024-06-04T11:15:14+00:00\",\"dateModified\":\"2024-10-21T15:19:45+00:00\",\"breadcrumb\":{\"@id\":\"https:\\\/\\\/samantha-claire.com\\\/da\\\/omkring\\\/#breadcrumb\"},\"inLanguage\":\"da-DK\",\"potentialAction\":[{\"@type\":\"ReadAction\",\"target\":[\"https:\\\/\\\/samantha-claire.com\\\/da\\\/omkring\\\/\"]}]},{\"@type\":\"ImageObject\",\"inLanguage\":\"da-DK\",\"@id\":\"https:\\\/\\\/samantha-claire.com\\\/da\\\/omkring\\\/#primaryimage\",\"url\":\"https:\\\/\\\/samantha-claire.com\\\/wp-content\\\/uploads\\\/elementor\\\/thumbs\\\/Skaermbillede_2024-06-04_kl._10.15.31-removebg-preview-qp5maq9q90ie5nhty6ggkhkn3vod26umsyt9e8l8aw.png\",\"contentUrl\":\"https:\\\/\\\/samantha-claire.com\\\/wp-content\\\/uploads\\\/elementor\\\/thumbs\\\/Skaermbillede_2024-06-04_kl._10.15.31-removebg-preview-qp5maq9q90ie5nhty6ggkhkn3vod26umsyt9e8l8aw.png\"},{\"@type\":\"BreadcrumbList\",\"@id\":\"https:\\\/\\\/samantha-claire.com\\\/da\\\/omkring\\\/#breadcrumb\",\"itemListElement\":[{\"@type\":\"ListItem\",\"position\":1,\"name\":\"Forside\",\"item\":\"https:\\\/\\\/samantha-claire.com\\\/\"},{\"@type\":\"ListItem\",\"position\":2,\"name\":\"Omkring\"}]},{\"@type\":\"WebSite\",\"@id\":\"https:\\\/\\\/samantha-claire.com\\\/#website\",\"url\":\"https:\\\/\\\/samantha-claire.com\\\/\",\"name\":\"Samantha Claire\",\"description\":\"Unlock inner peace and healing: Sound Therapy, trauma healing, and meditation in Copenhagen\",\"publisher\":{\"@id\":\"https:\\\/\\\/samantha-claire.com\\\/#organization\"},\"potentialAction\":[{\"@type\":\"SearchAction\",\"target\":{\"@type\":\"EntryPoint\",\"urlTemplate\":\"https:\\\/\\\/samantha-claire.com\\\/?s={search_term_string}\"},\"query-input\":{\"@type\":\"PropertyValueSpecification\",\"valueRequired\":true,\"valueName\":\"search_term_string\"}}],\"inLanguage\":\"da-DK\"},{\"@type\":\"Organization\",\"@id\":\"https:\\\/\\\/samantha-claire.com\\\/#organization\",\"name\":\"Samantha Claire\",\"url\":\"https:\\\/\\\/samantha-claire.com\\\/\",\"logo\":{\"@type\":\"ImageObject\",\"inLanguage\":\"da-DK\",\"@id\":\"https:\\\/\\\/samantha-claire.com\\\/#\\\/schema\\\/logo\\\/image\\\/\",\"url\":\"https:\\\/\\\/samantha-claire.com\\\/wp-content\\\/uploads\\\/2024\\\/06\\\/cropped-SC_logo20-1-removebg-preview.png\",\"contentUrl\":\"https:\\\/\\\/samantha-claire.com\\\/wp-content\\\/uploads\\\/2024\\\/06\\\/cropped-SC_logo20-1-removebg-preview.png\",\"width\":648,\"height\":165,\"caption\":\"Samantha Claire\"},\"image\":{\"@id\":\"https:\\\/\\\/samantha-claire.com\\\/#\\\/schema\\\/logo\\\/image\\\/\"}}]}<\/script>\n<!-- \/ Yoast SEO plugin. -->","yoast_head_json":{"title":"Omkring | Samantha Claire","robots":{"index":"index","follow":"follow","max-snippet":"max-snippet:-1","max-image-preview":"max-image-preview:large","max-video-preview":"max-video-preview:-1"},"canonical":"https:\/\/samantha-claire.com\/da\/omkring\/","og_locale":"da_DK","og_type":"article","og_title":"Omkring | Samantha Claire","og_description":"samantha@samantha-claire.com Om Samantha Claire Samantha Claire er mor, singer-songwriter, forfatter, yogal\u00e6rer, livscoach, facilitator af ekstatisk dans og shamanistisk praktiker. Hun er oprindeligt fra Cape Town i Sydafrika og har en baggrund inden for scenekunst og arbejdede 16 \u00e5r i London med fysisk teater. I l\u00f8bet af de sidste 20 \u00e5r har hendes rejse f\u00f8rt hende ... L\u00e6s Mere","og_url":"https:\/\/samantha-claire.com\/da\/omkring\/","og_site_name":"Samantha Claire","article_modified_time":"2024-10-21T15:19:45+00:00","og_image":[{"url":"https:\/\/samantha-claire.com\/wp-content\/uploads\/elementor\/thumbs\/Skaermbillede_2024-06-04_kl._10.15.31-removebg-preview-qp5maq9q90ie5nhty6ggkhkn3vod26umsyt9e8l8aw.png","type":"","width":"","height":""}],"twitter_card":"summary_large_image","twitter_misc":{"Estimeret l\u00e6setid":"1 minut"},"schema":{"@context":"https:\/\/schema.org","@graph":[{"@type":"WebPage","@id":"https:\/\/samantha-claire.com\/da\/omkring\/","url":"https:\/\/samantha-claire.com\/da\/omkring\/","name":"Omkring | Samantha Claire","isPartOf":{"@id":"https:\/\/samantha-claire.com\/#website"},"primaryImageOfPage":{"@id":"https:\/\/samantha-claire.com\/da\/omkring\/#primaryimage"},"image":{"@id":"https:\/\/samantha-claire.com\/da\/omkring\/#primaryimage"},"thumbnailUrl":"https:\/\/samantha-claire.com\/wp-content\/uploads\/elementor\/thumbs\/Skaermbillede_2024-06-04_kl._10.15.31-removebg-preview-qp5maq9q90ie5nhty6ggkhkn3vod26umsyt9e8l8aw.png","datePublished":"2024-06-04T11:15:14+00:00","dateModified":"2024-10-21T15:19:45+00:00","breadcrumb":{"@id":"https:\/\/samantha-claire.com\/da\/omkring\/#breadcrumb"},"inLanguage":"da-DK","potentialAction":[{"@type":"ReadAction","target":["https:\/\/samantha-claire.com\/da\/omkring\/"]}]},{"@type":"ImageObject","inLanguage":"da-DK","@id":"https:\/\/samantha-claire.com\/da\/omkring\/#primaryimage","url":"https:\/\/samantha-claire.com\/wp-content\/uploads\/elementor\/thumbs\/Skaermbillede_2024-06-04_kl._10.15.31-removebg-preview-qp5maq9q90ie5nhty6ggkhkn3vod26umsyt9e8l8aw.png","contentUrl":"https:\/\/samantha-claire.com\/wp-content\/uploads\/elementor\/thumbs\/Skaermbillede_2024-06-04_kl._10.15.31-removebg-preview-qp5maq9q90ie5nhty6ggkhkn3vod26umsyt9e8l8aw.png"},{"@type":"BreadcrumbList","@id":"https:\/\/samantha-claire.com\/da\/omkring\/#breadcrumb","itemListElement":[{"@type":"ListItem","position":1,"name":"Forside","item":"https:\/\/samantha-claire.com\/"},{"@type":"ListItem","position":2,"name":"Omkring"}]},{"@type":"WebSite","@id":"https:\/\/samantha-claire.com\/#website","url":"https:\/\/samantha-claire.com\/","name":"Samantha Claire","description":"Unlock inner peace and healing: Sound Therapy, trauma healing, and meditation in Copenhagen","publisher":{"@id":"https:\/\/samantha-claire.com\/#organization"},"potentialAction":[{"@type":"SearchAction","target":{"@type":"EntryPoint","urlTemplate":"https:\/\/samantha-claire.com\/?s={search_term_string}"},"query-input":{"@type":"PropertyValueSpecification","valueRequired":true,"valueName":"search_term_string"}}],"inLanguage":"da-DK"},{"@type":"Organization","@id":"https:\/\/samantha-claire.com\/#organization","name":"Samantha Claire","url":"https:\/\/samantha-claire.com\/","logo":{"@type":"ImageObject","inLanguage":"da-DK","@id":"https:\/\/samantha-claire.com\/#\/schema\/logo\/image\/","url":"https:\/\/samantha-claire.com\/wp-content\/uploads\/2024\/06\/cropped-SC_logo20-1-removebg-preview.png","contentUrl":"https:\/\/samantha-claire.com\/wp-content\/uploads\/2024\/06\/cropped-SC_logo20-1-removebg-preview.png","width":648,"height":165,"caption":"Samantha Claire"},"image":{"@id":"https:\/\/samantha-claire.com\/#\/schema\/logo\/image\/"}}]}},"_links":{"self":[{"href":"https:\/\/samantha-claire.com\/da\/wp-json\/wp\/v2\/pages\/9680","targetHints":{"allow":["GET"]}}],"collection":[{"href":"https:\/\/samantha-claire.com\/da\/wp-json\/wp\/v2\/pages"}],"about":[{"href":"https:\/\/samantha-claire.com\/da\/wp-json\/wp\/v2\/types\/page"}],"author":[{"embeddable":true,"href":"https:\/\/samantha-claire.com\/da\/wp-json\/wp\/v2\/users\/9"}],"replies":[{"embeddable":true,"href":"https:\/\/samantha-claire.com\/da\/wp-json\/wp\/v2\/comments?post=9680"}],"version-history":[{"count":4,"href":"https:\/\/samantha-claire.com\/da\/wp-json\/wp\/v2\/pages\/9680\/revisions"}],"predecessor-version":[{"id":9764,"href":"https:\/\/samantha-claire.com\/da\/wp-json\/wp\/v2\/pages\/9680\/revisions\/9764"}],"wp:attachment":[{"href":"https:\/\/samantha-claire.com\/da\/wp-json\/wp\/v2\/media?parent=9680"}],"wp:term":[{"taxonomy":"category","embeddable":true,"href":"https:\/\/samantha-claire.com\/da\/wp-json\/wp\/v2\/categories?post=9680"}],"curies":[{"name":"wp","href":"https:\/\/api.w.org\/{rel}","templated":true}]}}