{"id":9684,"date":"2024-06-04T13:15:14","date_gmt":"2024-06-04T11:15:14","guid":{"rendered":"https:\/\/samantha-claire.com\/dyb-meditation\/"},"modified":"2024-10-21T17:20:50","modified_gmt":"2024-10-21T15:20:50","slug":"dyb-meditation","status":"publish","type":"page","link":"https:\/\/samantha-claire.com\/da\/dyb-meditation\/","title":{"rendered":"Dyb meditation"},"content":{"rendered":"\t\t<div data-elementor-type=\"wp-page\" data-elementor-id=\"9684\" class=\"elementor elementor-9684 elementor-8845\" data-elementor-post-type=\"page\">\n\t\t\t\t<div class=\"elementor-element elementor-element-1d3d087f dark e-flex e-con-boxed e-con e-parent\" data-id=\"1d3d087f\" data-element_type=\"container\" data-e-type=\"container\">\n\t\t\t\t\t<div class=\"e-con-inner\">\n\t\t\t\t<div class=\"elementor-element elementor-element-783cd6d1 elementor-icon-list--layout-inline elementor-align-start elementor-widget__width-initial elementor-list-item-link-full_width elementor-widget elementor-widget-icon-list\" data-id=\"783cd6d1\" data-element_type=\"widget\" data-e-type=\"widget\" data-widget_type=\"icon-list.default\">\n\t\t\t\t<div class=\"elementor-widget-container\">\n\t\t\t\t\t\t\t<ul class=\"elementor-icon-list-items elementor-inline-items\">\n\t\t\t\t\t\t\t<li class=\"elementor-icon-list-item elementor-inline-item\">\n\t\t\t\t\t\t\t\t\t\t\t<a href=\"mailto:samantha@samantha-claire.com\">\n\n\t\t\t\t\t\t\t\t\t\t\t<span class=\"elementor-icon-list-text\">samantha@samantha-claire.com<\/span>\n\t\t\t\t\t\t\t\t\t\t\t<\/a>\n\t\t\t\t\t\t\t\t\t<\/li>\n\t\t\t\t\t\t<\/ul>\n\t\t\t\t\t\t<\/div>\n\t\t\t\t<\/div>\n\t\t\t\t\t<\/div>\n\t\t\t\t<\/div>\n\t\t<div class=\"elementor-element elementor-element-5a5a78bd e-con-full no-padding e-flex e-con e-parent\" data-id=\"5a5a78bd\" data-element_type=\"container\" data-e-type=\"container\">\n\t\t<div class=\"elementor-element elementor-element-3a550043 e-con-full e-flex e-con e-child\" data-id=\"3a550043\" data-element_type=\"container\" data-e-type=\"container\" data-settings=\"{&quot;background_background&quot;:&quot;classic&quot;}\">\n\t\t\t\t<\/div>\n\t\t<div class=\"elementor-element elementor-element-17034124 e-con-full contained e-flex e-con e-child\" data-id=\"17034124\" data-element_type=\"container\" data-e-type=\"container\">\n\t\t\t\t<div class=\"elementor-element elementor-element-686bc629 elementor-widget elementor-widget-heading\" data-id=\"686bc629\" data-element_type=\"widget\" data-e-type=\"widget\" data-widget_type=\"heading.default\">\n\t\t\t\t<div class=\"elementor-widget-container\">\n\t\t\t\t\t<h6 class=\"elementor-heading-title elementor-size-default\">Mindfullnes<\/h6>\t\t\t\t<\/div>\n\t\t\t\t<\/div>\n\t\t\t\t<div class=\"elementor-element elementor-element-314c8e09 elementor-widget elementor-widget-image\" data-id=\"314c8e09\" data-element_type=\"widget\" data-e-type=\"widget\" data-widget_type=\"image.default\">\n\t\t\t\t<div class=\"elementor-widget-container\">\n\t\t\t\t\t\t\t\t\t\t\t\t\t\t\t<img decoding=\"async\" src=\"https:\/\/samantha-claire.com\/wp-content\/uploads\/elementor\/thumbs\/Skaermbillede_2024-06-04_kl._10.15.31-removebg-preview-qp5maq9q90ie5nhty6ggkhkn3vod26umsyt9e8l8aw.png\" title=\"Sk\u00e6rmbillede_2024-06-04_kl._10.15.31-removebg-preview\" alt=\"Sk\u00e6rmbillede_2024-06-04_kl._10.15.31-removebg-preview\" loading=\"lazy\" \/>\t\t\t\t\t\t\t\t\t\t\t\t\t\t\t<\/div>\n\t\t\t\t<\/div>\n\t\t\t\t<div class=\"elementor-element elementor-element-7fb2ff68 elementor-widget elementor-widget-text-editor\" data-id=\"7fb2ff68\" data-element_type=\"widget\" data-e-type=\"widget\" data-widget_type=\"text-editor.default\">\n\t\t\t\t<div class=\"elementor-widget-container\">\n\t\t\t\t\t\t\t\t\t<p>Mindfulness, \u00f8velsen i at v\u00e6re fuldt ud til stede og engageret i \u00f8jeblikket, spiller en afg\u00f8rende rolle i at forbedre det generelle velbefindende og den mentale sundhed. Ved at dyrke bevidsthed og accept af vores tanker, f\u00f8lelser og fornemmelser uden at d\u00f8mme. Mindfulness hj\u00e6lper med at reducere stress, forbedrer fokus og fremmer f\u00f8lelsesm\u00e6ssig modstandsdygtighed. Samanthas praksis opmuntrer til en dybere forbindelse med sig selv og omgivelserne, hvilket f\u00f8rer til st\u00f8rre klarhed og en f\u00f8lelse af fred. Betydningen af mindfulness ligger i dens evne til at forandre den m\u00e5de, vi reagerer p\u00e5 livets udfordringer p\u00e5, og fremme en afbalanceret og harmonisk tilgang til livet.    <\/p>\n\t\t\t\t\t\t\t\t<\/div>\n\t\t\t\t<\/div>\n\t\t\t\t<\/div>\n\t\t\t\t<\/div>\n\t\t<div class=\"elementor-element elementor-element-2a5e4d7c e-flex e-con-boxed e-con e-parent\" data-id=\"2a5e4d7c\" data-element_type=\"container\" data-e-type=\"container\" data-settings=\"{&quot;background_background&quot;:&quot;classic&quot;}\">\n\t\t\t\t\t<div class=\"e-con-inner\">\n\t\t\t\t<div class=\"elementor-element elementor-element-4ff77b8 elementor-widget elementor-widget-heading\" data-id=\"4ff77b8\" data-element_type=\"widget\" data-e-type=\"widget\" data-widget_type=\"heading.default\">\n\t\t\t\t<div class=\"elementor-widget-container\">\n\t\t\t\t\t<h6 class=\"elementor-heading-title elementor-size-default\">Introduktion af mindfulness i virksomheder og skoler  <\/h6>\t\t\t\t<\/div>\n\t\t\t\t<\/div>\n\t\t\t\t<div class=\"elementor-element elementor-element-25b69d09 elementor-widget elementor-widget-image\" data-id=\"25b69d09\" data-element_type=\"widget\" data-e-type=\"widget\" data-widget_type=\"image.default\">\n\t\t\t\t<div class=\"elementor-widget-container\">\n\t\t\t\t\t\t\t\t\t\t\t\t\t\t\t<img decoding=\"async\" src=\"https:\/\/samantha-claire.com\/wp-content\/uploads\/elementor\/thumbs\/Skaermbillede_2024-06-04_kl._10.15.31-removebg-preview-qp5maq9q90ie5nhty6ggkhkn3vod26umsyt9e8l8aw.png\" title=\"Sk\u00e6rmbillede_2024-06-04_kl._10.15.31-removebg-preview\" alt=\"Sk\u00e6rmbillede_2024-06-04_kl._10.15.31-removebg-preview\" loading=\"lazy\" \/>\t\t\t\t\t\t\t\t\t\t\t\t\t\t\t<\/div>\n\t\t\t\t<\/div>\n\t\t\t\t<div class=\"elementor-element elementor-element-406619f2 elementor-widget elementor-widget-text-editor\" data-id=\"406619f2\" data-element_type=\"widget\" data-e-type=\"widget\" data-widget_type=\"text-editor.default\">\n\t\t\t\t<div class=\"elementor-widget-container\">\n\t\t\t\t\t\t\t\t\t<p>Samantha er ogs\u00e5 begyndt at introducere mindfulness i virksomheder og skoler, hvilket hun har fundet gavnligt. P\u00e5 arbejdspladsen kan det \u00f8ge medarbejdernes produktivitet, reducere udbr\u00e6ndthed og forbedre den generelle jobtilfredshed. I uddannelsesmilj\u00f8er kan mindfulness hj\u00e6lpe de studerende med at h\u00e5ndtere stress, \u00f8ge koncentrationen og skabe en positiv l\u00e6ringsatmosf\u00e6re. Ved at integrere mindfulness-praksis i disse omr\u00e5der kan vi skabe sundere, mere st\u00f8ttende og effektive f\u00e6llesskaber.   <\/p>\n\t\t\t\t\t\t\t\t<\/div>\n\t\t\t\t<\/div>\n\t\t\t\t<div class=\"elementor-element elementor-element-662b556 elementor-widget elementor-widget-button\" data-id=\"662b556\" data-element_type=\"widget\" data-e-type=\"widget\" data-widget_type=\"button.default\">\n\t\t\t\t<div class=\"elementor-widget-container\">\n\t\t\t\t\t\t\t\t\t<div class=\"elementor-button-wrapper\">\n\t\t\t\t\t<a class=\"elementor-button elementor-button-link elementor-size-sm\" href=\"https:\/\/samantha-claire.com\/da\/opret-forbindelse\/\">\n\t\t\t\t\t\t<span class=\"elementor-button-content-wrapper\">\n\t\t\t\t\t\t\t\t\t<span class=\"elementor-button-text\">Tag venligst kontakt<\/span>\n\t\t\t\t\t<\/span>\n\t\t\t\t\t<\/a>\n\t\t\t\t<\/div>\n\t\t\t\t\t\t\t\t<\/div>\n\t\t\t\t<\/div>\n\t\t\t\t\t<\/div>\n\t\t\t\t<\/div>\n\t\t<div class=\"elementor-element elementor-element-4c308213 e-flex e-con-boxed e-con e-parent\" data-id=\"4c308213\" data-element_type=\"container\" data-e-type=\"container\">\n\t\t\t\t\t<div class=\"e-con-inner\">\n\t\t<div class=\"elementor-element elementor-element-2e10c2c2 e-con-full e-flex e-con e-child\" data-id=\"2e10c2c2\" data-element_type=\"container\" data-e-type=\"container\">\n\t\t<div class=\"elementor-element elementor-element-504f1a82 e-con-full e-flex e-con e-child\" data-id=\"504f1a82\" data-element_type=\"container\" data-e-type=\"container\">\n\t\t\t\t<div class=\"elementor-element elementor-element-780a0d68 elementor-widget elementor-widget-text-editor\" data-id=\"780a0d68\" data-element_type=\"widget\" data-e-type=\"widget\" data-widget_type=\"text-editor.default\">\n\t\t\t\t<div class=\"elementor-widget-container\">\n\t\t\t\t\t\t\t\t\t<h3>Abonner<\/h3>\n<p>Tilmeld dig Samanthas nyhedsbrev og modtag opdateringer om retreats og kommende arrangementer. Ingen spam, det lover jeg! <\/p>\n\t\t\t\t\t\t\t\t<\/div>\n\t\t\t\t<\/div>\n\t\t\t\t<\/div>\n\t\t<div class=\"elementor-element elementor-element-21adfe3d e-con-full e-flex e-con e-child\" data-id=\"21adfe3d\" data-element_type=\"container\" data-e-type=\"container\">\n\t\t\t\t<div class=\"elementor-element elementor-element-54da1350 underline elementor-widget elementor-widget-shortcode\" data-id=\"54da1350\" data-element_type=\"widget\" data-e-type=\"widget\" data-widget_type=\"shortcode.default\">\n\t\t\t\t<div class=\"elementor-widget-container\">\n\t\t\t\t\t\t\t<div class=\"elementor-shortcode\"><form id=\"forminator-module-9743\" class=\"forminator-custom-form forminator-custom-form-9743\" method=\"post\" data-forminator-render=\"0\" data-uid=\"69edbbefd7279\"><div role=\"alert\" aria-live=\"polite\" class=\"forminator-response-message forminator-error\" aria-hidden=\"true\"><\/div><\/form><\/div>\n\t\t\t\t\t\t<\/div>\n\t\t\t\t<\/div>\n\t\t\t\t<\/div>\n\t\t\t\t<\/div>\n\t\t\t\t\t<\/div>\n\t\t\t\t<\/div>\n\t\t\t\t<\/div>\n\t\t","protected":false},"excerpt":{"rendered":"<p>samantha@samantha-claire.com Mindfullnes Mindfulness, \u00f8velsen i at v\u00e6re fuldt ud til stede og engageret i \u00f8jeblikket, spiller en afg\u00f8rende rolle i at forbedre det generelle velbefindende og den mentale sundhed. Ved at dyrke bevidsthed og accept af vores tanker, f\u00f8lelser og fornemmelser uden at d\u00f8mme. Mindfulness hj\u00e6lper med at reducere stress, forbedrer fokus og fremmer f\u00f8lelsesm\u00e6ssig &#8230; <a title=\"Dyb meditation\" class=\"read-more\" href=\"https:\/\/samantha-claire.com\/da\/dyb-meditation\/\" aria-label=\"Read more about Dyb meditation\">L\u00e6s Mere<\/a><\/p>\n","protected":false},"author":9,"featured_media":0,"parent":0,"menu_order":1001,"comment_status":"closed","ping_status":"closed","template":"","meta":{"_acf_changed":false,"footnotes":""},"categories":[],"class_list":["post-9684","page","type-page","status-publish"],"acf":[],"yoast_head":"<!-- This site is optimized with the Yoast SEO plugin v27.4 - https:\/\/yoast.com\/product\/yoast-seo-wordpress\/ -->\n<title>Dyb meditation | Samantha Claire<\/title>\n<meta name=\"robots\" content=\"index, follow, max-snippet:-1, max-image-preview:large, max-video-preview:-1\" \/>\n<link rel=\"canonical\" href=\"https:\/\/samantha-claire.com\/da\/dyb-meditation\/\" \/>\n<meta property=\"og:locale\" content=\"da_DK\" \/>\n<meta property=\"og:type\" content=\"article\" \/>\n<meta property=\"og:title\" content=\"Dyb meditation | Samantha Claire\" \/>\n<meta property=\"og:description\" content=\"samantha@samantha-claire.com Mindfullnes Mindfulness, \u00f8velsen i at v\u00e6re fuldt ud til stede og engageret i \u00f8jeblikket, spiller en afg\u00f8rende rolle i at forbedre det generelle velbefindende og den mentale sundhed. Ved at dyrke bevidsthed og accept af vores tanker, f\u00f8lelser og fornemmelser uden at d\u00f8mme. Mindfulness hj\u00e6lper med at reducere stress, forbedrer fokus og fremmer f\u00f8lelsesm\u00e6ssig ... L\u00e6s Mere\" \/>\n<meta property=\"og:url\" content=\"https:\/\/samantha-claire.com\/da\/dyb-meditation\/\" \/>\n<meta property=\"og:site_name\" content=\"Samantha Claire\" \/>\n<meta property=\"article:modified_time\" content=\"2024-10-21T15:20:50+00:00\" \/>\n<meta property=\"og:image\" content=\"https:\/\/samantha-claire.com\/wp-content\/uploads\/elementor\/thumbs\/Skaermbillede_2024-06-04_kl._10.15.31-removebg-preview-qp5maq9q90ie5nhty6ggkhkn3vod26umsyt9e8l8aw.png\" \/>\n<meta name=\"twitter:card\" content=\"summary_large_image\" \/>\n<meta name=\"twitter:label1\" content=\"Estimeret l\u00e6setid\" \/>\n\t<meta name=\"twitter:data1\" content=\"1 minut\" \/>\n<script type=\"application\/ld+json\" class=\"yoast-schema-graph\">{\"@context\":\"https:\\\/\\\/schema.org\",\"@graph\":[{\"@type\":\"WebPage\",\"@id\":\"https:\\\/\\\/samantha-claire.com\\\/da\\\/dyb-meditation\\\/\",\"url\":\"https:\\\/\\\/samantha-claire.com\\\/da\\\/dyb-meditation\\\/\",\"name\":\"Dyb meditation | Samantha Claire\",\"isPartOf\":{\"@id\":\"https:\\\/\\\/samantha-claire.com\\\/#website\"},\"primaryImageOfPage\":{\"@id\":\"https:\\\/\\\/samantha-claire.com\\\/da\\\/dyb-meditation\\\/#primaryimage\"},\"image\":{\"@id\":\"https:\\\/\\\/samantha-claire.com\\\/da\\\/dyb-meditation\\\/#primaryimage\"},\"thumbnailUrl\":\"https:\\\/\\\/samantha-claire.com\\\/wp-content\\\/uploads\\\/elementor\\\/thumbs\\\/Skaermbillede_2024-06-04_kl._10.15.31-removebg-preview-qp5maq9q90ie5nhty6ggkhkn3vod26umsyt9e8l8aw.png\",\"datePublished\":\"2024-06-04T11:15:14+00:00\",\"dateModified\":\"2024-10-21T15:20:50+00:00\",\"breadcrumb\":{\"@id\":\"https:\\\/\\\/samantha-claire.com\\\/da\\\/dyb-meditation\\\/#breadcrumb\"},\"inLanguage\":\"da-DK\",\"potentialAction\":[{\"@type\":\"ReadAction\",\"target\":[\"https:\\\/\\\/samantha-claire.com\\\/da\\\/dyb-meditation\\\/\"]}]},{\"@type\":\"ImageObject\",\"inLanguage\":\"da-DK\",\"@id\":\"https:\\\/\\\/samantha-claire.com\\\/da\\\/dyb-meditation\\\/#primaryimage\",\"url\":\"https:\\\/\\\/samantha-claire.com\\\/wp-content\\\/uploads\\\/elementor\\\/thumbs\\\/Skaermbillede_2024-06-04_kl._10.15.31-removebg-preview-qp5maq9q90ie5nhty6ggkhkn3vod26umsyt9e8l8aw.png\",\"contentUrl\":\"https:\\\/\\\/samantha-claire.com\\\/wp-content\\\/uploads\\\/elementor\\\/thumbs\\\/Skaermbillede_2024-06-04_kl._10.15.31-removebg-preview-qp5maq9q90ie5nhty6ggkhkn3vod26umsyt9e8l8aw.png\"},{\"@type\":\"BreadcrumbList\",\"@id\":\"https:\\\/\\\/samantha-claire.com\\\/da\\\/dyb-meditation\\\/#breadcrumb\",\"itemListElement\":[{\"@type\":\"ListItem\",\"position\":1,\"name\":\"Forside\",\"item\":\"https:\\\/\\\/samantha-claire.com\\\/\"},{\"@type\":\"ListItem\",\"position\":2,\"name\":\"Dyb meditation\"}]},{\"@type\":\"WebSite\",\"@id\":\"https:\\\/\\\/samantha-claire.com\\\/#website\",\"url\":\"https:\\\/\\\/samantha-claire.com\\\/\",\"name\":\"Samantha Claire\",\"description\":\"Unlock inner peace and healing: Sound Therapy, trauma healing, and meditation in Copenhagen\",\"publisher\":{\"@id\":\"https:\\\/\\\/samantha-claire.com\\\/#organization\"},\"potentialAction\":[{\"@type\":\"SearchAction\",\"target\":{\"@type\":\"EntryPoint\",\"urlTemplate\":\"https:\\\/\\\/samantha-claire.com\\\/?s={search_term_string}\"},\"query-input\":{\"@type\":\"PropertyValueSpecification\",\"valueRequired\":true,\"valueName\":\"search_term_string\"}}],\"inLanguage\":\"da-DK\"},{\"@type\":\"Organization\",\"@id\":\"https:\\\/\\\/samantha-claire.com\\\/#organization\",\"name\":\"Samantha Claire\",\"url\":\"https:\\\/\\\/samantha-claire.com\\\/\",\"logo\":{\"@type\":\"ImageObject\",\"inLanguage\":\"da-DK\",\"@id\":\"https:\\\/\\\/samantha-claire.com\\\/#\\\/schema\\\/logo\\\/image\\\/\",\"url\":\"https:\\\/\\\/samantha-claire.com\\\/wp-content\\\/uploads\\\/2024\\\/06\\\/cropped-SC_logo20-1-removebg-preview.png\",\"contentUrl\":\"https:\\\/\\\/samantha-claire.com\\\/wp-content\\\/uploads\\\/2024\\\/06\\\/cropped-SC_logo20-1-removebg-preview.png\",\"width\":648,\"height\":165,\"caption\":\"Samantha Claire\"},\"image\":{\"@id\":\"https:\\\/\\\/samantha-claire.com\\\/#\\\/schema\\\/logo\\\/image\\\/\"}}]}<\/script>\n<!-- \/ Yoast SEO plugin. -->","yoast_head_json":{"title":"Dyb meditation | Samantha Claire","robots":{"index":"index","follow":"follow","max-snippet":"max-snippet:-1","max-image-preview":"max-image-preview:large","max-video-preview":"max-video-preview:-1"},"canonical":"https:\/\/samantha-claire.com\/da\/dyb-meditation\/","og_locale":"da_DK","og_type":"article","og_title":"Dyb meditation | Samantha Claire","og_description":"samantha@samantha-claire.com Mindfullnes Mindfulness, \u00f8velsen i at v\u00e6re fuldt ud til stede og engageret i \u00f8jeblikket, spiller en afg\u00f8rende rolle i at forbedre det generelle velbefindende og den mentale sundhed. Ved at dyrke bevidsthed og accept af vores tanker, f\u00f8lelser og fornemmelser uden at d\u00f8mme. Mindfulness hj\u00e6lper med at reducere stress, forbedrer fokus og fremmer f\u00f8lelsesm\u00e6ssig ... L\u00e6s Mere","og_url":"https:\/\/samantha-claire.com\/da\/dyb-meditation\/","og_site_name":"Samantha Claire","article_modified_time":"2024-10-21T15:20:50+00:00","og_image":[{"url":"https:\/\/samantha-claire.com\/wp-content\/uploads\/elementor\/thumbs\/Skaermbillede_2024-06-04_kl._10.15.31-removebg-preview-qp5maq9q90ie5nhty6ggkhkn3vod26umsyt9e8l8aw.png","type":"","width":"","height":""}],"twitter_card":"summary_large_image","twitter_misc":{"Estimeret l\u00e6setid":"1 minut"},"schema":{"@context":"https:\/\/schema.org","@graph":[{"@type":"WebPage","@id":"https:\/\/samantha-claire.com\/da\/dyb-meditation\/","url":"https:\/\/samantha-claire.com\/da\/dyb-meditation\/","name":"Dyb meditation | Samantha Claire","isPartOf":{"@id":"https:\/\/samantha-claire.com\/#website"},"primaryImageOfPage":{"@id":"https:\/\/samantha-claire.com\/da\/dyb-meditation\/#primaryimage"},"image":{"@id":"https:\/\/samantha-claire.com\/da\/dyb-meditation\/#primaryimage"},"thumbnailUrl":"https:\/\/samantha-claire.com\/wp-content\/uploads\/elementor\/thumbs\/Skaermbillede_2024-06-04_kl._10.15.31-removebg-preview-qp5maq9q90ie5nhty6ggkhkn3vod26umsyt9e8l8aw.png","datePublished":"2024-06-04T11:15:14+00:00","dateModified":"2024-10-21T15:20:50+00:00","breadcrumb":{"@id":"https:\/\/samantha-claire.com\/da\/dyb-meditation\/#breadcrumb"},"inLanguage":"da-DK","potentialAction":[{"@type":"ReadAction","target":["https:\/\/samantha-claire.com\/da\/dyb-meditation\/"]}]},{"@type":"ImageObject","inLanguage":"da-DK","@id":"https:\/\/samantha-claire.com\/da\/dyb-meditation\/#primaryimage","url":"https:\/\/samantha-claire.com\/wp-content\/uploads\/elementor\/thumbs\/Skaermbillede_2024-06-04_kl._10.15.31-removebg-preview-qp5maq9q90ie5nhty6ggkhkn3vod26umsyt9e8l8aw.png","contentUrl":"https:\/\/samantha-claire.com\/wp-content\/uploads\/elementor\/thumbs\/Skaermbillede_2024-06-04_kl._10.15.31-removebg-preview-qp5maq9q90ie5nhty6ggkhkn3vod26umsyt9e8l8aw.png"},{"@type":"BreadcrumbList","@id":"https:\/\/samantha-claire.com\/da\/dyb-meditation\/#breadcrumb","itemListElement":[{"@type":"ListItem","position":1,"name":"Forside","item":"https:\/\/samantha-claire.com\/"},{"@type":"ListItem","position":2,"name":"Dyb meditation"}]},{"@type":"WebSite","@id":"https:\/\/samantha-claire.com\/#website","url":"https:\/\/samantha-claire.com\/","name":"Samantha Claire","description":"Unlock inner peace and healing: Sound Therapy, trauma healing, and meditation in Copenhagen","publisher":{"@id":"https:\/\/samantha-claire.com\/#organization"},"potentialAction":[{"@type":"SearchAction","target":{"@type":"EntryPoint","urlTemplate":"https:\/\/samantha-claire.com\/?s={search_term_string}"},"query-input":{"@type":"PropertyValueSpecification","valueRequired":true,"valueName":"search_term_string"}}],"inLanguage":"da-DK"},{"@type":"Organization","@id":"https:\/\/samantha-claire.com\/#organization","name":"Samantha Claire","url":"https:\/\/samantha-claire.com\/","logo":{"@type":"ImageObject","inLanguage":"da-DK","@id":"https:\/\/samantha-claire.com\/#\/schema\/logo\/image\/","url":"https:\/\/samantha-claire.com\/wp-content\/uploads\/2024\/06\/cropped-SC_logo20-1-removebg-preview.png","contentUrl":"https:\/\/samantha-claire.com\/wp-content\/uploads\/2024\/06\/cropped-SC_logo20-1-removebg-preview.png","width":648,"height":165,"caption":"Samantha Claire"},"image":{"@id":"https:\/\/samantha-claire.com\/#\/schema\/logo\/image\/"}}]}},"_links":{"self":[{"href":"https:\/\/samantha-claire.com\/da\/wp-json\/wp\/v2\/pages\/9684","targetHints":{"allow":["GET"]}}],"collection":[{"href":"https:\/\/samantha-claire.com\/da\/wp-json\/wp\/v2\/pages"}],"about":[{"href":"https:\/\/samantha-claire.com\/da\/wp-json\/wp\/v2\/types\/page"}],"author":[{"embeddable":true,"href":"https:\/\/samantha-claire.com\/da\/wp-json\/wp\/v2\/users\/9"}],"replies":[{"embeddable":true,"href":"https:\/\/samantha-claire.com\/da\/wp-json\/wp\/v2\/comments?post=9684"}],"version-history":[{"count":7,"href":"https:\/\/samantha-claire.com\/da\/wp-json\/wp\/v2\/pages\/9684\/revisions"}],"predecessor-version":[{"id":9767,"href":"https:\/\/samantha-claire.com\/da\/wp-json\/wp\/v2\/pages\/9684\/revisions\/9767"}],"wp:attachment":[{"href":"https:\/\/samantha-claire.com\/da\/wp-json\/wp\/v2\/media?parent=9684"}],"wp:term":[{"taxonomy":"category","embeddable":true,"href":"https:\/\/samantha-claire.com\/da\/wp-json\/wp\/v2\/categories?post=9684"}],"curies":[{"name":"wp","href":"https:\/\/api.w.org\/{rel}","templated":true}]}}