{"id":9687,"date":"2024-06-04T13:15:14","date_gmt":"2024-06-04T11:15:14","guid":{"rendered":"https:\/\/samantha-claire.com\/lydhealing-og-kropsarbejde\/"},"modified":"2024-10-21T17:23:25","modified_gmt":"2024-10-21T15:23:25","slug":"lydhealing-og-kropsarbejde","status":"publish","type":"page","link":"https:\/\/samantha-claire.com\/da\/lydhealing-og-kropsarbejde\/","title":{"rendered":"Lydhealing og kropsarbejde"},"content":{"rendered":"\t\t<div data-elementor-type=\"wp-page\" data-elementor-id=\"9687\" class=\"elementor elementor-9687 elementor-8848\" data-elementor-post-type=\"page\">\n\t\t\t\t<div class=\"elementor-element elementor-element-5a389ce1 dark e-flex e-con-boxed e-con e-parent\" data-id=\"5a389ce1\" data-element_type=\"container\" data-e-type=\"container\">\n\t\t\t\t\t<div class=\"e-con-inner\">\n\t\t\t\t<div class=\"elementor-element elementor-element-163bc64b elementor-icon-list--layout-inline elementor-align-start elementor-widget__width-initial elementor-list-item-link-full_width elementor-widget elementor-widget-icon-list\" data-id=\"163bc64b\" data-element_type=\"widget\" data-e-type=\"widget\" data-widget_type=\"icon-list.default\">\n\t\t\t\t<div class=\"elementor-widget-container\">\n\t\t\t\t\t\t\t<ul class=\"elementor-icon-list-items elementor-inline-items\">\n\t\t\t\t\t\t\t<li class=\"elementor-icon-list-item elementor-inline-item\">\n\t\t\t\t\t\t\t\t\t\t\t<a href=\"mailto:samantha@samantha-claire.com\">\n\n\t\t\t\t\t\t\t\t\t\t\t<span class=\"elementor-icon-list-text\">samantha@samantha-claire.com<\/span>\n\t\t\t\t\t\t\t\t\t\t\t<\/a>\n\t\t\t\t\t\t\t\t\t<\/li>\n\t\t\t\t\t\t<\/ul>\n\t\t\t\t\t\t<\/div>\n\t\t\t\t<\/div>\n\t\t\t\t\t<\/div>\n\t\t\t\t<\/div>\n\t\t<div class=\"elementor-element elementor-element-5bd90f44 e-con-full no-padding e-flex e-con e-parent\" data-id=\"5bd90f44\" data-element_type=\"container\" data-e-type=\"container\">\n\t\t<div class=\"elementor-element elementor-element-68f94592 e-con-full e-flex e-con e-child\" data-id=\"68f94592\" data-element_type=\"container\" data-e-type=\"container\" data-settings=\"{&quot;background_background&quot;:&quot;classic&quot;}\">\n\t\t\t\t<\/div>\n\t\t<div class=\"elementor-element elementor-element-71570690 e-con-full contained left e-flex e-con e-child\" data-id=\"71570690\" data-element_type=\"container\" data-e-type=\"container\">\n\t\t\t\t<div class=\"elementor-element elementor-element-15001b3b elementor-widget elementor-widget-heading\" data-id=\"15001b3b\" data-element_type=\"widget\" data-e-type=\"widget\" data-widget_type=\"heading.default\">\n\t\t\t\t<div class=\"elementor-widget-container\">\n\t\t\t\t\t<h6 class=\"elementor-heading-title elementor-size-default\">Shamanistisk trommerejse<\/h6>\t\t\t\t<\/div>\n\t\t\t\t<\/div>\n\t\t\t\t<div class=\"elementor-element elementor-element-6985fd9 elementor-widget elementor-widget-image\" data-id=\"6985fd9\" data-element_type=\"widget\" data-e-type=\"widget\" data-widget_type=\"image.default\">\n\t\t\t\t<div class=\"elementor-widget-container\">\n\t\t\t\t\t\t\t\t\t\t\t\t\t\t\t<img decoding=\"async\" src=\"https:\/\/samantha-claire.com\/wp-content\/uploads\/elementor\/thumbs\/Skaermbillede_2024-06-04_kl._10.15.31-removebg-preview-qp5maq9q90ie5nhty6ggkhkn3vod26umsyt9e8l8aw.png\" title=\"Sk\u00e6rmbillede_2024-06-04_kl._10.15.31-removebg-preview\" alt=\"Sk\u00e6rmbillede_2024-06-04_kl._10.15.31-removebg-preview\" loading=\"lazy\" \/>\t\t\t\t\t\t\t\t\t\t\t\t\t\t\t<\/div>\n\t\t\t\t<\/div>\n\t\t\t\t<div class=\"elementor-element elementor-element-224d0814 elementor-widget elementor-widget-text-editor\" data-id=\"224d0814\" data-element_type=\"widget\" data-e-type=\"widget\" data-widget_type=\"text-editor.default\">\n\t\t\t\t<div class=\"elementor-widget-container\">\n\t\t\t\t\t\t\t\t\t<p>Shamanistiske trommerejser er en uvurderlig praksis for at f\u00e5 adgang til dybe bevidsthedstilstande med henblik p\u00e5 healing, vejledning og indsigt. Den rytmiske trommespil fremkalder en trancelignende tilstand, der giver deltagerne mulighed for at komme i kontakt med deres indre selv og den \u00e5ndelige verden. Denne praksis fremmer healing ved at hj\u00e6lpe folk med at frig\u00f8re f\u00f8lelsesm\u00e6ssige blokeringer, f\u00e5 klarhed over livets udfordringer og f\u00e5 adgang til deres indre visdom og vejledning. Shamanistiske trommerejser kan skabe en dyb f\u00f8lelse af forbindelse til naturen og universet, \u00f8ge selvbevidstheden og fremme f\u00f8lelsesm\u00e6ssigt og \u00e5ndeligt velv\u00e6re.   <\/p>\n<p><a href=\"https:\/\/samantha-claire.com\/da\/opret-forbindelse\/\">Kontakt venligst Samantha for sessioner<\/a><\/p>\n\t\t\t\t\t\t\t\t<\/div>\n\t\t\t\t<\/div>\n\t\t\t\t<\/div>\n\t\t\t\t<\/div>\n\t\t<div class=\"elementor-element elementor-element-3b795bdf e-flex e-con-boxed e-con e-parent\" data-id=\"3b795bdf\" data-element_type=\"container\" data-e-type=\"container\" data-settings=\"{&quot;background_background&quot;:&quot;classic&quot;}\">\n\t\t\t\t\t<div class=\"e-con-inner\">\n\t\t\t\t<div class=\"elementor-element elementor-element-2d8d077e elementor-widget elementor-widget-heading\" data-id=\"2d8d077e\" data-element_type=\"widget\" data-e-type=\"widget\" data-widget_type=\"heading.default\">\n\t\t\t\t<div class=\"elementor-widget-container\">\n\t\t\t\t\t<h6 class=\"elementor-heading-title elementor-size-default\">Healing af lyd<\/h6>\t\t\t\t<\/div>\n\t\t\t\t<\/div>\n\t\t\t\t<div class=\"elementor-element elementor-element-67b1167 elementor-widget elementor-widget-image\" data-id=\"67b1167\" data-element_type=\"widget\" data-e-type=\"widget\" data-widget_type=\"image.default\">\n\t\t\t\t<div class=\"elementor-widget-container\">\n\t\t\t\t\t\t\t\t\t\t\t\t\t\t\t<img decoding=\"async\" src=\"https:\/\/samantha-claire.com\/wp-content\/uploads\/elementor\/thumbs\/Skaermbillede_2024-06-04_kl._10.15.31-removebg-preview-qp5maq9q90ie5nhty6ggkhkn3vod26umsyt9e8l8aw.png\" title=\"Sk\u00e6rmbillede_2024-06-04_kl._10.15.31-removebg-preview\" alt=\"Sk\u00e6rmbillede_2024-06-04_kl._10.15.31-removebg-preview\" loading=\"lazy\" \/>\t\t\t\t\t\t\t\t\t\t\t\t\t\t\t<\/div>\n\t\t\t\t<\/div>\n\t\t\t\t<div class=\"elementor-element elementor-element-65f63a7f elementor-widget elementor-widget-text-editor\" data-id=\"65f63a7f\" data-element_type=\"widget\" data-e-type=\"widget\" data-widget_type=\"text-editor.default\">\n\t\t\t\t<div class=\"elementor-widget-container\">\n\t\t\t\t\t\t\t\t\t<p>Lydhealing er en kraftfuld terapeutisk praksis, der bruger lydens vibrationsfrekvenser til at fremme fysisk, f\u00f8lelsesm\u00e6ssig og \u00e5ndelig velv\u00e6re. Lydhealing hj\u00e6lper med at frig\u00f8re sp\u00e6ndinger, reducere stress og afbalancere kroppens energicentre. De harmoniske lyde kan fremkalde dyb afslapning, lette meditative tilstande og stimulere kroppens naturlige selvreguleringsprocesser. Denne \u00e6ldgamle praksis bliver i stigende grad anerkendt for sin evne til at forbedre mental klarhed, velv\u00e6re og balance.   <\/p>\n\t\t\t\t\t\t\t\t<\/div>\n\t\t\t\t<\/div>\n\t\t\t\t\t<\/div>\n\t\t\t\t<\/div>\n\t\t<div class=\"elementor-element elementor-element-4579d7a e-flex e-con-boxed e-con e-parent\" data-id=\"4579d7a\" data-element_type=\"container\" data-e-type=\"container\" data-settings=\"{&quot;background_background&quot;:&quot;classic&quot;}\">\n\t\t\t\t\t<div class=\"e-con-inner\">\n\t\t\t\t<div class=\"elementor-element elementor-element-a2b10c0 elementor-widget elementor-widget-heading\" data-id=\"a2b10c0\" data-element_type=\"widget\" data-e-type=\"widget\" data-widget_type=\"heading.default\">\n\t\t\t\t<div class=\"elementor-widget-container\">\n\t\t\t\t\t<h6 class=\"elementor-heading-title elementor-size-default\">Karrosseriarbejde<\/h6>\t\t\t\t<\/div>\n\t\t\t\t<\/div>\n\t\t\t\t<div class=\"elementor-element elementor-element-d2393a6 elementor-widget elementor-widget-image\" data-id=\"d2393a6\" data-element_type=\"widget\" data-e-type=\"widget\" data-widget_type=\"image.default\">\n\t\t\t\t<div class=\"elementor-widget-container\">\n\t\t\t\t\t\t\t\t\t\t\t\t\t\t\t<img decoding=\"async\" src=\"https:\/\/samantha-claire.com\/wp-content\/uploads\/elementor\/thumbs\/Skaermbillede_2024-06-04_kl._10.15.31-removebg-preview-qp5maq9q90ie5nhty6ggkhkn3vod26umsyt9e8l8aw.png\" title=\"Sk\u00e6rmbillede_2024-06-04_kl._10.15.31-removebg-preview\" alt=\"Sk\u00e6rmbillede_2024-06-04_kl._10.15.31-removebg-preview\" loading=\"lazy\" \/>\t\t\t\t\t\t\t\t\t\t\t\t\t\t\t<\/div>\n\t\t\t\t<\/div>\n\t\t\t\t<div class=\"elementor-element elementor-element-0a10aaf elementor-widget elementor-widget-text-editor\" data-id=\"0a10aaf\" data-element_type=\"widget\" data-e-type=\"widget\" data-widget_type=\"text-editor.default\">\n\t\t\t\t<div class=\"elementor-widget-container\">\n\t\t\t\t\t\t\t\t\t<\/p>\n<div>Samantha har arbejdet dedikeret med kroppen i over 15 \u00e5r og bringer et v\u00e6ld af erfaringer og en dyb forst\u00e5else af menneskekroppen ind i sin praksis. Hendes tilgang kombinerer forskellige teknikker for at fremme helbredelse, afslapning og generelt velv\u00e6re. Samantha er kendt for sin intuitive ber\u00f8ring og evne til at skr\u00e6ddersy hver session til sine klienters unikke behov og hj\u00e6lpe dem med at finde lindring for smerter og stress.  <\/div>\n<div><span style=\"font-size: medium;\"> <\/span><\/div>\n<div><span style=\"font-size: medium;\">Hun er uddannet i thailandsk yogamassage og somatisk kropsarbejde. Hun arbejder ogs\u00e5 med graviditet f\u00f8r og efter f\u00f8dslen.   <\/span><\/div>\n<div><span style=\"font-size: medium;\"> <\/span><\/div>\n<div><span style=\"font-size: medium;\">Priser tilg\u00e6ngelige p\u00e5 foresp\u00f8rgsel<\/span><\/div>\n\t\t\t\t\t\t\t\t<\/div>\n\t\t\t\t<\/div>\n\t\t\t\t\t<\/div>\n\t\t\t\t<\/div>\n\t\t<div class=\"elementor-element elementor-element-6eb6ed88 e-flex e-con-boxed e-con e-parent\" data-id=\"6eb6ed88\" data-element_type=\"container\" data-e-type=\"container\">\n\t\t\t\t\t<div class=\"e-con-inner\">\n\t\t<div class=\"elementor-element elementor-element-75816556 e-con-full e-flex e-con e-child\" data-id=\"75816556\" data-element_type=\"container\" data-e-type=\"container\">\n\t\t<div class=\"elementor-element elementor-element-2cedf4a9 e-con-full e-flex e-con e-child\" data-id=\"2cedf4a9\" data-element_type=\"container\" data-e-type=\"container\">\n\t\t\t\t<div class=\"elementor-element elementor-element-43d753c7 elementor-widget elementor-widget-text-editor\" data-id=\"43d753c7\" data-element_type=\"widget\" data-e-type=\"widget\" data-widget_type=\"text-editor.default\">\n\t\t\t\t<div class=\"elementor-widget-container\">\n\t\t\t\t\t\t\t\t\t<h3>Abonner<\/h3>\n<p>Tilmeld dig Samanthas nyhedsbrev og modtag opdateringer om retreats og kommende arrangementer. Ingen spam, det lover jeg! <\/p>\n\t\t\t\t\t\t\t\t<\/div>\n\t\t\t\t<\/div>\n\t\t\t\t<\/div>\n\t\t<div class=\"elementor-element elementor-element-4980a8a1 e-con-full e-flex e-con e-child\" data-id=\"4980a8a1\" data-element_type=\"container\" data-e-type=\"container\">\n\t\t\t\t<div class=\"elementor-element elementor-element-2456b40d underline elementor-widget elementor-widget-shortcode\" data-id=\"2456b40d\" data-element_type=\"widget\" data-e-type=\"widget\" data-widget_type=\"shortcode.default\">\n\t\t\t\t<div class=\"elementor-widget-container\">\n\t\t\t\t\t\t\t<div class=\"elementor-shortcode\"><form id=\"forminator-module-9743\" class=\"forminator-custom-form forminator-custom-form-9743\" method=\"post\" data-forminator-render=\"0\" data-uid=\"69e100af16218\"><div role=\"alert\" aria-live=\"polite\" class=\"forminator-response-message forminator-error\" aria-hidden=\"true\"><\/div><\/form><\/div>\n\t\t\t\t\t\t<\/div>\n\t\t\t\t<\/div>\n\t\t\t\t<\/div>\n\t\t\t\t<\/div>\n\t\t\t\t\t<\/div>\n\t\t\t\t<\/div>\n\t\t\t\t<\/div>\n\t\t","protected":false},"excerpt":{"rendered":"<p>samantha@samantha-claire.com Shamanistisk trommerejse Shamanistiske trommerejser er en uvurderlig praksis for at f\u00e5 adgang til dybe bevidsthedstilstande med henblik p\u00e5 healing, vejledning og indsigt. Den rytmiske trommespil fremkalder en trancelignende tilstand, der giver deltagerne mulighed for at komme i kontakt med deres indre selv og den \u00e5ndelige verden. Denne praksis fremmer healing ved at hj\u00e6lpe folk &#8230; <a title=\"Lydhealing og kropsarbejde\" class=\"read-more\" href=\"https:\/\/samantha-claire.com\/da\/lydhealing-og-kropsarbejde\/\" aria-label=\"Read more about Lydhealing og kropsarbejde\">L\u00e6s Mere<\/a><\/p>\n","protected":false},"author":9,"featured_media":0,"parent":0,"menu_order":1004,"comment_status":"closed","ping_status":"closed","template":"","meta":{"_acf_changed":false,"footnotes":""},"categories":[],"class_list":["post-9687","page","type-page","status-publish"],"acf":[],"yoast_head":"<!-- This site is optimized with the Yoast SEO plugin v27.4 - https:\/\/yoast.com\/product\/yoast-seo-wordpress\/ -->\n<title>Lydhealing og kropsarbejde | Samantha Claire<\/title>\n<meta name=\"robots\" content=\"index, follow, max-snippet:-1, max-image-preview:large, max-video-preview:-1\" \/>\n<link rel=\"canonical\" href=\"https:\/\/samantha-claire.com\/da\/lydhealing-og-kropsarbejde\/\" \/>\n<meta property=\"og:locale\" content=\"da_DK\" \/>\n<meta property=\"og:type\" content=\"article\" \/>\n<meta property=\"og:title\" content=\"Lydhealing og kropsarbejde | Samantha Claire\" \/>\n<meta property=\"og:description\" content=\"samantha@samantha-claire.com Shamanistisk trommerejse Shamanistiske trommerejser er en uvurderlig praksis for at f\u00e5 adgang til dybe bevidsthedstilstande med henblik p\u00e5 healing, vejledning og indsigt. Den rytmiske trommespil fremkalder en trancelignende tilstand, der giver deltagerne mulighed for at komme i kontakt med deres indre selv og den \u00e5ndelige verden. Denne praksis fremmer healing ved at hj\u00e6lpe folk ... L\u00e6s Mere\" \/>\n<meta property=\"og:url\" content=\"https:\/\/samantha-claire.com\/da\/lydhealing-og-kropsarbejde\/\" \/>\n<meta property=\"og:site_name\" content=\"Samantha Claire\" \/>\n<meta property=\"article:modified_time\" content=\"2024-10-21T15:23:25+00:00\" \/>\n<meta property=\"og:image\" content=\"https:\/\/samantha-claire.com\/wp-content\/uploads\/elementor\/thumbs\/Skaermbillede_2024-06-04_kl._10.15.31-removebg-preview-qp5maq9q90ie5nhty6ggkhkn3vod26umsyt9e8l8aw.png\" \/>\n<meta name=\"twitter:card\" content=\"summary_large_image\" \/>\n<meta name=\"twitter:label1\" content=\"Estimeret l\u00e6setid\" \/>\n\t<meta name=\"twitter:data1\" content=\"2 minutter\" \/>\n<script type=\"application\/ld+json\" class=\"yoast-schema-graph\">{\"@context\":\"https:\\\/\\\/schema.org\",\"@graph\":[{\"@type\":\"WebPage\",\"@id\":\"https:\\\/\\\/samantha-claire.com\\\/da\\\/lydhealing-og-kropsarbejde\\\/\",\"url\":\"https:\\\/\\\/samantha-claire.com\\\/da\\\/lydhealing-og-kropsarbejde\\\/\",\"name\":\"Lydhealing og kropsarbejde | Samantha Claire\",\"isPartOf\":{\"@id\":\"https:\\\/\\\/samantha-claire.com\\\/#website\"},\"primaryImageOfPage\":{\"@id\":\"https:\\\/\\\/samantha-claire.com\\\/da\\\/lydhealing-og-kropsarbejde\\\/#primaryimage\"},\"image\":{\"@id\":\"https:\\\/\\\/samantha-claire.com\\\/da\\\/lydhealing-og-kropsarbejde\\\/#primaryimage\"},\"thumbnailUrl\":\"https:\\\/\\\/samantha-claire.com\\\/wp-content\\\/uploads\\\/elementor\\\/thumbs\\\/Skaermbillede_2024-06-04_kl._10.15.31-removebg-preview-qp5maq9q90ie5nhty6ggkhkn3vod26umsyt9e8l8aw.png\",\"datePublished\":\"2024-06-04T11:15:14+00:00\",\"dateModified\":\"2024-10-21T15:23:25+00:00\",\"breadcrumb\":{\"@id\":\"https:\\\/\\\/samantha-claire.com\\\/da\\\/lydhealing-og-kropsarbejde\\\/#breadcrumb\"},\"inLanguage\":\"da-DK\",\"potentialAction\":[{\"@type\":\"ReadAction\",\"target\":[\"https:\\\/\\\/samantha-claire.com\\\/da\\\/lydhealing-og-kropsarbejde\\\/\"]}]},{\"@type\":\"ImageObject\",\"inLanguage\":\"da-DK\",\"@id\":\"https:\\\/\\\/samantha-claire.com\\\/da\\\/lydhealing-og-kropsarbejde\\\/#primaryimage\",\"url\":\"https:\\\/\\\/samantha-claire.com\\\/wp-content\\\/uploads\\\/elementor\\\/thumbs\\\/Skaermbillede_2024-06-04_kl._10.15.31-removebg-preview-qp5maq9q90ie5nhty6ggkhkn3vod26umsyt9e8l8aw.png\",\"contentUrl\":\"https:\\\/\\\/samantha-claire.com\\\/wp-content\\\/uploads\\\/elementor\\\/thumbs\\\/Skaermbillede_2024-06-04_kl._10.15.31-removebg-preview-qp5maq9q90ie5nhty6ggkhkn3vod26umsyt9e8l8aw.png\"},{\"@type\":\"BreadcrumbList\",\"@id\":\"https:\\\/\\\/samantha-claire.com\\\/da\\\/lydhealing-og-kropsarbejde\\\/#breadcrumb\",\"itemListElement\":[{\"@type\":\"ListItem\",\"position\":1,\"name\":\"Forside\",\"item\":\"https:\\\/\\\/samantha-claire.com\\\/\"},{\"@type\":\"ListItem\",\"position\":2,\"name\":\"Lydhealing og kropsarbejde\"}]},{\"@type\":\"WebSite\",\"@id\":\"https:\\\/\\\/samantha-claire.com\\\/#website\",\"url\":\"https:\\\/\\\/samantha-claire.com\\\/\",\"name\":\"Samantha Claire\",\"description\":\"Unlock inner peace and healing: Sound Therapy, trauma healing, and meditation in Copenhagen\",\"publisher\":{\"@id\":\"https:\\\/\\\/samantha-claire.com\\\/#organization\"},\"potentialAction\":[{\"@type\":\"SearchAction\",\"target\":{\"@type\":\"EntryPoint\",\"urlTemplate\":\"https:\\\/\\\/samantha-claire.com\\\/?s={search_term_string}\"},\"query-input\":{\"@type\":\"PropertyValueSpecification\",\"valueRequired\":true,\"valueName\":\"search_term_string\"}}],\"inLanguage\":\"da-DK\"},{\"@type\":\"Organization\",\"@id\":\"https:\\\/\\\/samantha-claire.com\\\/#organization\",\"name\":\"Samantha Claire\",\"url\":\"https:\\\/\\\/samantha-claire.com\\\/\",\"logo\":{\"@type\":\"ImageObject\",\"inLanguage\":\"da-DK\",\"@id\":\"https:\\\/\\\/samantha-claire.com\\\/#\\\/schema\\\/logo\\\/image\\\/\",\"url\":\"https:\\\/\\\/samantha-claire.com\\\/wp-content\\\/uploads\\\/2024\\\/06\\\/cropped-SC_logo20-1-removebg-preview.png\",\"contentUrl\":\"https:\\\/\\\/samantha-claire.com\\\/wp-content\\\/uploads\\\/2024\\\/06\\\/cropped-SC_logo20-1-removebg-preview.png\",\"width\":648,\"height\":165,\"caption\":\"Samantha Claire\"},\"image\":{\"@id\":\"https:\\\/\\\/samantha-claire.com\\\/#\\\/schema\\\/logo\\\/image\\\/\"}}]}<\/script>\n<!-- \/ Yoast SEO plugin. -->","yoast_head_json":{"title":"Lydhealing og kropsarbejde | Samantha Claire","robots":{"index":"index","follow":"follow","max-snippet":"max-snippet:-1","max-image-preview":"max-image-preview:large","max-video-preview":"max-video-preview:-1"},"canonical":"https:\/\/samantha-claire.com\/da\/lydhealing-og-kropsarbejde\/","og_locale":"da_DK","og_type":"article","og_title":"Lydhealing og kropsarbejde | Samantha Claire","og_description":"samantha@samantha-claire.com Shamanistisk trommerejse Shamanistiske trommerejser er en uvurderlig praksis for at f\u00e5 adgang til dybe bevidsthedstilstande med henblik p\u00e5 healing, vejledning og indsigt. Den rytmiske trommespil fremkalder en trancelignende tilstand, der giver deltagerne mulighed for at komme i kontakt med deres indre selv og den \u00e5ndelige verden. Denne praksis fremmer healing ved at hj\u00e6lpe folk ... L\u00e6s Mere","og_url":"https:\/\/samantha-claire.com\/da\/lydhealing-og-kropsarbejde\/","og_site_name":"Samantha Claire","article_modified_time":"2024-10-21T15:23:25+00:00","og_image":[{"url":"https:\/\/samantha-claire.com\/wp-content\/uploads\/elementor\/thumbs\/Skaermbillede_2024-06-04_kl._10.15.31-removebg-preview-qp5maq9q90ie5nhty6ggkhkn3vod26umsyt9e8l8aw.png","type":"","width":"","height":""}],"twitter_card":"summary_large_image","twitter_misc":{"Estimeret l\u00e6setid":"2 minutter"},"schema":{"@context":"https:\/\/schema.org","@graph":[{"@type":"WebPage","@id":"https:\/\/samantha-claire.com\/da\/lydhealing-og-kropsarbejde\/","url":"https:\/\/samantha-claire.com\/da\/lydhealing-og-kropsarbejde\/","name":"Lydhealing og kropsarbejde | Samantha Claire","isPartOf":{"@id":"https:\/\/samantha-claire.com\/#website"},"primaryImageOfPage":{"@id":"https:\/\/samantha-claire.com\/da\/lydhealing-og-kropsarbejde\/#primaryimage"},"image":{"@id":"https:\/\/samantha-claire.com\/da\/lydhealing-og-kropsarbejde\/#primaryimage"},"thumbnailUrl":"https:\/\/samantha-claire.com\/wp-content\/uploads\/elementor\/thumbs\/Skaermbillede_2024-06-04_kl._10.15.31-removebg-preview-qp5maq9q90ie5nhty6ggkhkn3vod26umsyt9e8l8aw.png","datePublished":"2024-06-04T11:15:14+00:00","dateModified":"2024-10-21T15:23:25+00:00","breadcrumb":{"@id":"https:\/\/samantha-claire.com\/da\/lydhealing-og-kropsarbejde\/#breadcrumb"},"inLanguage":"da-DK","potentialAction":[{"@type":"ReadAction","target":["https:\/\/samantha-claire.com\/da\/lydhealing-og-kropsarbejde\/"]}]},{"@type":"ImageObject","inLanguage":"da-DK","@id":"https:\/\/samantha-claire.com\/da\/lydhealing-og-kropsarbejde\/#primaryimage","url":"https:\/\/samantha-claire.com\/wp-content\/uploads\/elementor\/thumbs\/Skaermbillede_2024-06-04_kl._10.15.31-removebg-preview-qp5maq9q90ie5nhty6ggkhkn3vod26umsyt9e8l8aw.png","contentUrl":"https:\/\/samantha-claire.com\/wp-content\/uploads\/elementor\/thumbs\/Skaermbillede_2024-06-04_kl._10.15.31-removebg-preview-qp5maq9q90ie5nhty6ggkhkn3vod26umsyt9e8l8aw.png"},{"@type":"BreadcrumbList","@id":"https:\/\/samantha-claire.com\/da\/lydhealing-og-kropsarbejde\/#breadcrumb","itemListElement":[{"@type":"ListItem","position":1,"name":"Forside","item":"https:\/\/samantha-claire.com\/"},{"@type":"ListItem","position":2,"name":"Lydhealing og kropsarbejde"}]},{"@type":"WebSite","@id":"https:\/\/samantha-claire.com\/#website","url":"https:\/\/samantha-claire.com\/","name":"Samantha Claire","description":"Unlock inner peace and healing: Sound Therapy, trauma healing, and meditation in Copenhagen","publisher":{"@id":"https:\/\/samantha-claire.com\/#organization"},"potentialAction":[{"@type":"SearchAction","target":{"@type":"EntryPoint","urlTemplate":"https:\/\/samantha-claire.com\/?s={search_term_string}"},"query-input":{"@type":"PropertyValueSpecification","valueRequired":true,"valueName":"search_term_string"}}],"inLanguage":"da-DK"},{"@type":"Organization","@id":"https:\/\/samantha-claire.com\/#organization","name":"Samantha Claire","url":"https:\/\/samantha-claire.com\/","logo":{"@type":"ImageObject","inLanguage":"da-DK","@id":"https:\/\/samantha-claire.com\/#\/schema\/logo\/image\/","url":"https:\/\/samantha-claire.com\/wp-content\/uploads\/2024\/06\/cropped-SC_logo20-1-removebg-preview.png","contentUrl":"https:\/\/samantha-claire.com\/wp-content\/uploads\/2024\/06\/cropped-SC_logo20-1-removebg-preview.png","width":648,"height":165,"caption":"Samantha Claire"},"image":{"@id":"https:\/\/samantha-claire.com\/#\/schema\/logo\/image\/"}}]}},"_links":{"self":[{"href":"https:\/\/samantha-claire.com\/da\/wp-json\/wp\/v2\/pages\/9687","targetHints":{"allow":["GET"]}}],"collection":[{"href":"https:\/\/samantha-claire.com\/da\/wp-json\/wp\/v2\/pages"}],"about":[{"href":"https:\/\/samantha-claire.com\/da\/wp-json\/wp\/v2\/types\/page"}],"author":[{"embeddable":true,"href":"https:\/\/samantha-claire.com\/da\/wp-json\/wp\/v2\/users\/9"}],"replies":[{"embeddable":true,"href":"https:\/\/samantha-claire.com\/da\/wp-json\/wp\/v2\/comments?post=9687"}],"version-history":[{"count":6,"href":"https:\/\/samantha-claire.com\/da\/wp-json\/wp\/v2\/pages\/9687\/revisions"}],"predecessor-version":[{"id":9776,"href":"https:\/\/samantha-claire.com\/da\/wp-json\/wp\/v2\/pages\/9687\/revisions\/9776"}],"wp:attachment":[{"href":"https:\/\/samantha-claire.com\/da\/wp-json\/wp\/v2\/media?parent=9687"}],"wp:term":[{"taxonomy":"category","embeddable":true,"href":"https:\/\/samantha-claire.com\/da\/wp-json\/wp\/v2\/categories?post=9687"}],"curies":[{"name":"wp","href":"https:\/\/api.w.org\/{rel}","templated":true}]}}