{"id":9688,"date":"2024-06-04T13:15:14","date_gmt":"2024-06-04T11:15:14","guid":{"rendered":"https:\/\/samantha-claire.com\/musik-og-tekster\/"},"modified":"2024-10-21T17:24:55","modified_gmt":"2024-10-21T15:24:55","slug":"musik-og-tekster","status":"publish","type":"page","link":"https:\/\/samantha-claire.com\/da\/musik-og-tekster\/","title":{"rendered":"Musik og tekster"},"content":{"rendered":"\t\t<div data-elementor-type=\"wp-page\" data-elementor-id=\"9688\" class=\"elementor elementor-9688 elementor-8849\" data-elementor-post-type=\"page\">\n\t\t\t\t<div class=\"elementor-element elementor-element-5766fec7 dark e-flex e-con-boxed e-con e-parent\" data-id=\"5766fec7\" data-element_type=\"container\" data-e-type=\"container\">\n\t\t\t\t\t<div class=\"e-con-inner\">\n\t\t\t\t<div class=\"elementor-element elementor-element-5757a4cd elementor-icon-list--layout-inline elementor-align-start elementor-widget__width-initial elementor-list-item-link-full_width elementor-widget elementor-widget-icon-list\" data-id=\"5757a4cd\" data-element_type=\"widget\" data-e-type=\"widget\" data-widget_type=\"icon-list.default\">\n\t\t\t\t<div class=\"elementor-widget-container\">\n\t\t\t\t\t\t\t<ul class=\"elementor-icon-list-items elementor-inline-items\">\n\t\t\t\t\t\t\t<li class=\"elementor-icon-list-item elementor-inline-item\">\n\t\t\t\t\t\t\t\t\t\t\t<a href=\"mailto:samantha@samantha-claire.com\">\n\n\t\t\t\t\t\t\t\t\t\t\t<span class=\"elementor-icon-list-text\">samantha@samantha-claire.com<\/span>\n\t\t\t\t\t\t\t\t\t\t\t<\/a>\n\t\t\t\t\t\t\t\t\t<\/li>\n\t\t\t\t\t\t<\/ul>\n\t\t\t\t\t\t<\/div>\n\t\t\t\t<\/div>\n\t\t\t\t\t<\/div>\n\t\t\t\t<\/div>\n\t\t<div class=\"elementor-element elementor-element-3e383a7 e-con-full no-padding e-flex e-con e-parent\" data-id=\"3e383a7\" data-element_type=\"container\" data-e-type=\"container\">\n\t\t<div class=\"elementor-element elementor-element-4fcf838c e-con-full e-flex e-con e-child\" data-id=\"4fcf838c\" data-element_type=\"container\" data-e-type=\"container\" data-settings=\"{&quot;background_background&quot;:&quot;classic&quot;}\">\n\t\t\t\t<\/div>\n\t\t<div class=\"elementor-element elementor-element-7ffcda31 e-con-full contained e-flex e-con e-child\" data-id=\"7ffcda31\" data-element_type=\"container\" data-e-type=\"container\">\n\t\t\t\t<div class=\"elementor-element elementor-element-5319257c elementor-widget elementor-widget-heading\" data-id=\"5319257c\" data-element_type=\"widget\" data-e-type=\"widget\" data-widget_type=\"heading.default\">\n\t\t\t\t<div class=\"elementor-widget-container\">\n\t\t\t\t\t<h6 class=\"elementor-heading-title elementor-size-default\">Musik<\/h6>\t\t\t\t<\/div>\n\t\t\t\t<\/div>\n\t\t\t\t<div class=\"elementor-element elementor-element-331aef3e elementor-widget elementor-widget-image\" data-id=\"331aef3e\" data-element_type=\"widget\" data-e-type=\"widget\" data-widget_type=\"image.default\">\n\t\t\t\t<div class=\"elementor-widget-container\">\n\t\t\t\t\t\t\t\t\t\t\t\t\t\t\t<img decoding=\"async\" src=\"https:\/\/samantha-claire.com\/wp-content\/uploads\/elementor\/thumbs\/Skaermbillede_2024-06-04_kl._10.15.31-removebg-preview-qp5maq9q90ie5nhty6ggkhkn3vod26umsyt9e8l8aw.png\" title=\"Sk\u00e6rmbillede_2024-06-04_kl._10.15.31-removebg-preview\" alt=\"Sk\u00e6rmbillede_2024-06-04_kl._10.15.31-removebg-preview\" loading=\"lazy\" \/>\t\t\t\t\t\t\t\t\t\t\t\t\t\t\t<\/div>\n\t\t\t\t<\/div>\n\t\t\t\t<div class=\"elementor-element elementor-element-5e73fa5b elementor-widget elementor-widget-text-editor\" data-id=\"5e73fa5b\" data-element_type=\"widget\" data-e-type=\"widget\" data-widget_type=\"text-editor.default\">\n\t\t\t\t<div class=\"elementor-widget-container\">\n\t\t\t\t\t\t\t\t\t<p>Samantha Claire har altid haft en dyb k\u00e6rlighed til musik, en kunstform, som hun mener overskrider gr\u00e6nser og forbinder mennesker p\u00e5 et dybt, f\u00f8lelsesm\u00e6ssigt niveau. Samantha henter inspiration fra forskellige samfund med traditionel medicinmusik over hele verden og tilf\u00f8rer sit arbejde et rigt tapet af kulturelle p\u00e5virkninger og skaber en unik og resonant lyd, der taler til sj\u00e6len. Ud over sine tilpasninger af traditionelle stykker skriver hun sine egne originale sange, hvor hun kanaliserer sine oplevelser og f\u00f8lelser ind i melodier og tekster, der er b\u00e5de gribende og opl\u00f8ftende. Samantha formidler musik, der er \u00e6rlig, k\u00e6rlig og helende for alle publikummer, og hun tilbyder et fristed af lyd i en verden, hvor alting g\u00e5r st\u00e6rkt. Hendes optr\u00e6dener er mere end bare koncerter; de er fordybende oplevelser, der inviterer lytterne til at forbinde, reflektere og helbrede. Hendes musik b\u00e6rer budskaber og energier, der er dybt n\u00f8dvendige i vores nuv\u00e6rende, evigt foranderlige tid. Uanset om det er p\u00e5 scenen eller i intime omgivelser, fremmer Samanthas musik en f\u00f8lelse af f\u00e6llesskab og velv\u00e6re og minder os alle om lydens kraft til at forvandle og forene.      <\/p>\n<p>Hun har skrevet to albums, &#8220;Come Dance&#8221; og &#8220;Queen in the Diamond Sky&#8221;, som v\u00e6ver de fort\u00e6llinger, som livet har vist hende, og som er dybt p\u00e5virket af hendes mors d\u00f8d.<\/p>\n\t\t\t\t\t\t\t\t<\/div>\n\t\t\t\t<\/div>\n\t\t\t\t<div class=\"elementor-element elementor-element-8b98941 elementor-shape-circle e-grid-align-left elementor-grid-0 elementor-widget elementor-widget-social-icons\" data-id=\"8b98941\" data-element_type=\"widget\" data-e-type=\"widget\" data-widget_type=\"social-icons.default\">\n\t\t\t\t<div class=\"elementor-widget-container\">\n\t\t\t\t\t\t\t<div class=\"elementor-social-icons-wrapper elementor-grid\">\n\t\t\t\t\t\t\t<span class=\"elementor-grid-item\">\n\t\t\t\t\t<a class=\"elementor-icon elementor-social-icon elementor-social-icon-spotify elementor-repeater-item-9367e43\" href=\"https:\/\/open.spotify.com\/artist\/7jo5x7EAhiVnAYC0ElLvqR?si=j-SrPZl6TWGCOeqf3S0O1A\" target=\"_blank\">\n\t\t\t\t\t\t<span class=\"elementor-screen-only\">Spotify<\/span>\n\t\t\t\t\t\t<svg aria-hidden=\"true\" class=\"e-font-icon-svg e-fab-spotify\" viewBox=\"0 0 496 512\" xmlns=\"http:\/\/www.w3.org\/2000\/svg\"><path d=\"M248 8C111.1 8 0 119.1 0 256s111.1 248 248 248 248-111.1 248-248S384.9 8 248 8zm100.7 364.9c-4.2 0-6.8-1.3-10.7-3.6-62.4-37.6-135-39.2-206.7-24.5-3.9 1-9 2.6-11.9 2.6-9.7 0-15.8-7.7-15.8-15.8 0-10.3 6.1-15.2 13.6-16.8 81.9-18.1 165.6-16.5 237 26.2 6.1 3.9 9.7 7.4 9.7 16.5s-7.1 15.4-15.2 15.4zm26.9-65.6c-5.2 0-8.7-2.3-12.3-4.2-62.5-37-155.7-51.9-238.6-29.4-4.8 1.3-7.4 2.6-11.9 2.6-10.7 0-19.4-8.7-19.4-19.4s5.2-17.8 15.5-20.7c27.8-7.8 56.2-13.6 97.8-13.6 64.9 0 127.6 16.1 177 45.5 8.1 4.8 11.3 11 11.3 19.7-.1 10.8-8.5 19.5-19.4 19.5zm31-76.2c-5.2 0-8.4-1.3-12.9-3.9-71.2-42.5-198.5-52.7-280.9-29.7-3.6 1-8.1 2.6-12.9 2.6-13.2 0-23.3-10.3-23.3-23.6 0-13.6 8.4-21.3 17.4-23.9 35.2-10.3 74.6-15.2 117.5-15.2 73 0 149.5 15.2 205.4 47.8 7.8 4.5 12.9 10.7 12.9 22.6 0 13.6-11 23.3-23.2 23.3z\"><\/path><\/svg>\t\t\t\t\t<\/a>\n\t\t\t\t<\/span>\n\t\t\t\t\t<\/div>\n\t\t\t\t\t\t<\/div>\n\t\t\t\t<\/div>\n\t\t\t\t<\/div>\n\t\t\t\t<\/div>\n\t\t<div class=\"elementor-element elementor-element-2125f714 e-con-full no-padding e-flex e-con e-parent\" data-id=\"2125f714\" data-element_type=\"container\" data-e-type=\"container\">\n\t\t<div class=\"elementor-element elementor-element-75095cdf e-con-full contained left e-flex e-con e-child\" data-id=\"75095cdf\" data-element_type=\"container\" data-e-type=\"container\">\n\t\t\t\t<div class=\"elementor-element elementor-element-5f278017 elementor-widget elementor-widget-heading\" data-id=\"5f278017\" data-element_type=\"widget\" data-e-type=\"widget\" data-widget_type=\"heading.default\">\n\t\t\t\t<div class=\"elementor-widget-container\">\n\t\t\t\t\t<h6 class=\"elementor-heading-title elementor-size-default\">Skrifter<\/h6>\t\t\t\t<\/div>\n\t\t\t\t<\/div>\n\t\t\t\t<div class=\"elementor-element elementor-element-7bcc86b6 elementor-widget elementor-widget-image\" data-id=\"7bcc86b6\" data-element_type=\"widget\" data-e-type=\"widget\" data-widget_type=\"image.default\">\n\t\t\t\t<div class=\"elementor-widget-container\">\n\t\t\t\t\t\t\t\t\t\t\t\t\t\t\t<img decoding=\"async\" src=\"https:\/\/samantha-claire.com\/wp-content\/uploads\/elementor\/thumbs\/Skaermbillede_2024-06-04_kl._10.15.31-removebg-preview-qp5maq9q90ie5nhty6ggkhkn3vod26umsyt9e8l8aw.png\" title=\"Sk\u00e6rmbillede_2024-06-04_kl._10.15.31-removebg-preview\" alt=\"Sk\u00e6rmbillede_2024-06-04_kl._10.15.31-removebg-preview\" loading=\"lazy\" \/>\t\t\t\t\t\t\t\t\t\t\t\t\t\t\t<\/div>\n\t\t\t\t<\/div>\n\t\t\t\t<div class=\"elementor-element elementor-element-2917966e elementor-widget elementor-widget-text-editor\" data-id=\"2917966e\" data-element_type=\"widget\" data-e-type=\"widget\" data-widget_type=\"text-editor.default\">\n\t\t\t\t<div class=\"elementor-widget-container\">\n\t\t\t\t\t\t\t\t\t<h3>Et \u00e5bent forhold<\/h3>\n<p>Et \u00e5bent forhold er en personlig rejse med seksuel helbredelse, frihed fra tidligere traumer, religi\u00f8s og kulturel konditionering, der holder os fra vores sandhed. Den fokuserer p\u00e5, hvad det vil sige at v\u00e6re i et \u00e5bent forhold og stadig v\u00e6re i integritet med andre og os selv. Det er en rejse gennem mit liv fra dagbogsoptegnelser til religi\u00f8se og uddannelsesm\u00e6ssige indsigter, spirituelle opv\u00e5gninger og den visdom om frihed, der ligger i os alle.  <\/p>\n<blockquote>\n<p><em>&#8220;Jeg havde aldrig forestillet mig, hvor meget positiv og konstruktiv selvransagelse jeg ville f\u00e5 ud af at l\u00e6se An Open Relationship. Mit eget \u00e5bne forhold er begyndt med mig selv. Tak, Samantha.&#8221;<\/em><\/p>\n<\/blockquote>\n<h6>&#8211; Simon Jay, journalist<\/h6>\n\t\t\t\t\t\t\t\t<\/div>\n\t\t\t\t<\/div>\n\t\t\t\t<div class=\"elementor-element elementor-element-a37a9aa elementor-widget elementor-widget-button\" data-id=\"a37a9aa\" data-element_type=\"widget\" data-e-type=\"widget\" data-widget_type=\"button.default\">\n\t\t\t\t<div class=\"elementor-widget-container\">\n\t\t\t\t\t\t\t\t\t<div class=\"elementor-button-wrapper\">\n\t\t\t\t\t<a class=\"elementor-button elementor-button-link elementor-size-sm\" href=\"https:\/\/www.amazon.co.uk\/Open-Relationship-Samantha-Claire-ebook\/dp\/B06XDQZQ25\/ref=sr_1_1?ie=UTF8&#038;qid=1488959570&#038;sr=8-1&#038;keywords=an+open+relationship\" target=\"_blank\">\n\t\t\t\t\t\t<span class=\"elementor-button-content-wrapper\">\n\t\t\t\t\t\t\t\t\t<span class=\"elementor-button-text\">K\u00f8b den her<\/span>\n\t\t\t\t\t<\/span>\n\t\t\t\t\t<\/a>\n\t\t\t\t<\/div>\n\t\t\t\t\t\t\t\t<\/div>\n\t\t\t\t<\/div>\n\t\t\t\t<\/div>\n\t\t<div class=\"elementor-element elementor-element-46a0390 e-con-full e-flex e-con e-child\" data-id=\"46a0390\" data-element_type=\"container\" data-e-type=\"container\" data-settings=\"{&quot;background_background&quot;:&quot;classic&quot;}\">\n\t\t\t\t<\/div>\n\t\t\t\t<\/div>\n\t\t<div class=\"elementor-element elementor-element-39bb53fa e-flex e-con-boxed e-con e-parent\" data-id=\"39bb53fa\" data-element_type=\"container\" data-e-type=\"container\">\n\t\t\t\t\t<div class=\"e-con-inner\">\n\t\t<div class=\"elementor-element elementor-element-518f69c6 e-con-full e-flex e-con e-child\" data-id=\"518f69c6\" data-element_type=\"container\" data-e-type=\"container\">\n\t\t<div class=\"elementor-element elementor-element-8011457 e-con-full e-flex e-con e-child\" data-id=\"8011457\" data-element_type=\"container\" data-e-type=\"container\">\n\t\t\t\t<div class=\"elementor-element elementor-element-254942de elementor-widget elementor-widget-text-editor\" data-id=\"254942de\" data-element_type=\"widget\" data-e-type=\"widget\" data-widget_type=\"text-editor.default\">\n\t\t\t\t<div class=\"elementor-widget-container\">\n\t\t\t\t\t\t\t\t\t<h3>Abonner<\/h3>\n<p>Tilmeld dig Samanthas nyhedsbrev og modtag opdateringer om retreats og kommende arrangementer. Ingen spam, det lover jeg! <\/p>\n\t\t\t\t\t\t\t\t<\/div>\n\t\t\t\t<\/div>\n\t\t\t\t<\/div>\n\t\t<div class=\"elementor-element elementor-element-46ff29b8 e-con-full e-flex e-con e-child\" data-id=\"46ff29b8\" data-element_type=\"container\" data-e-type=\"container\">\n\t\t\t\t<div class=\"elementor-element elementor-element-12a8d4cf underline elementor-widget elementor-widget-shortcode\" data-id=\"12a8d4cf\" data-element_type=\"widget\" data-e-type=\"widget\" data-widget_type=\"shortcode.default\">\n\t\t\t\t<div class=\"elementor-widget-container\">\n\t\t\t\t\t\t\t<div class=\"elementor-shortcode\"><form id=\"forminator-module-9743\" class=\"forminator-custom-form forminator-custom-form-9743\" method=\"post\" data-forminator-render=\"0\" data-uid=\"69f1df28b9db5\"><div role=\"alert\" aria-live=\"polite\" class=\"forminator-response-message forminator-error\" aria-hidden=\"true\"><\/div><\/form><\/div>\n\t\t\t\t\t\t<\/div>\n\t\t\t\t<\/div>\n\t\t\t\t<\/div>\n\t\t\t\t<\/div>\n\t\t\t\t\t<\/div>\n\t\t\t\t<\/div>\n\t\t\t\t<\/div>\n\t\t","protected":false},"excerpt":{"rendered":"<p>samantha@samantha-claire.com Musik Samantha Claire har altid haft en dyb k\u00e6rlighed til musik, en kunstform, som hun mener overskrider gr\u00e6nser og forbinder mennesker p\u00e5 et dybt, f\u00f8lelsesm\u00e6ssigt niveau. Samantha henter inspiration fra forskellige samfund med traditionel medicinmusik over hele verden og tilf\u00f8rer sit arbejde et rigt tapet af kulturelle p\u00e5virkninger og skaber en unik og resonant &#8230; <a title=\"Musik og tekster\" class=\"read-more\" href=\"https:\/\/samantha-claire.com\/da\/musik-og-tekster\/\" aria-label=\"Read more about Musik og tekster\">L\u00e6s Mere<\/a><\/p>\n","protected":false},"author":9,"featured_media":0,"parent":0,"menu_order":1005,"comment_status":"closed","ping_status":"closed","template":"","meta":{"_acf_changed":false,"footnotes":""},"categories":[],"class_list":["post-9688","page","type-page","status-publish"],"acf":[],"yoast_head":"<!-- This site is optimized with the Yoast SEO plugin v27.5 - https:\/\/yoast.com\/product\/yoast-seo-wordpress\/ -->\n<title>Musik og tekster | Samantha Claire<\/title>\n<meta name=\"robots\" content=\"index, follow, max-snippet:-1, max-image-preview:large, max-video-preview:-1\" \/>\n<link rel=\"canonical\" href=\"https:\/\/samantha-claire.com\/da\/musik-og-tekster\/\" \/>\n<meta property=\"og:locale\" content=\"da_DK\" \/>\n<meta property=\"og:type\" content=\"article\" \/>\n<meta property=\"og:title\" content=\"Musik og tekster | Samantha Claire\" \/>\n<meta property=\"og:description\" content=\"samantha@samantha-claire.com Musik Samantha Claire har altid haft en dyb k\u00e6rlighed til musik, en kunstform, som hun mener overskrider gr\u00e6nser og forbinder mennesker p\u00e5 et dybt, f\u00f8lelsesm\u00e6ssigt niveau. Samantha henter inspiration fra forskellige samfund med traditionel medicinmusik over hele verden og tilf\u00f8rer sit arbejde et rigt tapet af kulturelle p\u00e5virkninger og skaber en unik og resonant ... L\u00e6s Mere\" \/>\n<meta property=\"og:url\" content=\"https:\/\/samantha-claire.com\/da\/musik-og-tekster\/\" \/>\n<meta property=\"og:site_name\" content=\"Samantha Claire\" \/>\n<meta property=\"article:modified_time\" content=\"2024-10-21T15:24:55+00:00\" \/>\n<meta property=\"og:image\" content=\"https:\/\/samantha-claire.com\/wp-content\/uploads\/elementor\/thumbs\/Skaermbillede_2024-06-04_kl._10.15.31-removebg-preview-qp5maq9q90ie5nhty6ggkhkn3vod26umsyt9e8l8aw.png\" \/>\n<meta name=\"twitter:card\" content=\"summary_large_image\" \/>\n<meta name=\"twitter:label1\" content=\"Estimeret l\u00e6setid\" \/>\n\t<meta name=\"twitter:data1\" content=\"2 minutter\" \/>\n<script type=\"application\/ld+json\" class=\"yoast-schema-graph\">{\"@context\":\"https:\\\/\\\/schema.org\",\"@graph\":[{\"@type\":\"WebPage\",\"@id\":\"https:\\\/\\\/samantha-claire.com\\\/da\\\/musik-og-tekster\\\/\",\"url\":\"https:\\\/\\\/samantha-claire.com\\\/da\\\/musik-og-tekster\\\/\",\"name\":\"Musik og tekster | Samantha Claire\",\"isPartOf\":{\"@id\":\"https:\\\/\\\/samantha-claire.com\\\/#website\"},\"primaryImageOfPage\":{\"@id\":\"https:\\\/\\\/samantha-claire.com\\\/da\\\/musik-og-tekster\\\/#primaryimage\"},\"image\":{\"@id\":\"https:\\\/\\\/samantha-claire.com\\\/da\\\/musik-og-tekster\\\/#primaryimage\"},\"thumbnailUrl\":\"https:\\\/\\\/samantha-claire.com\\\/wp-content\\\/uploads\\\/elementor\\\/thumbs\\\/Skaermbillede_2024-06-04_kl._10.15.31-removebg-preview-qp5maq9q90ie5nhty6ggkhkn3vod26umsyt9e8l8aw.png\",\"datePublished\":\"2024-06-04T11:15:14+00:00\",\"dateModified\":\"2024-10-21T15:24:55+00:00\",\"breadcrumb\":{\"@id\":\"https:\\\/\\\/samantha-claire.com\\\/da\\\/musik-og-tekster\\\/#breadcrumb\"},\"inLanguage\":\"da-DK\",\"potentialAction\":[{\"@type\":\"ReadAction\",\"target\":[\"https:\\\/\\\/samantha-claire.com\\\/da\\\/musik-og-tekster\\\/\"]}]},{\"@type\":\"ImageObject\",\"inLanguage\":\"da-DK\",\"@id\":\"https:\\\/\\\/samantha-claire.com\\\/da\\\/musik-og-tekster\\\/#primaryimage\",\"url\":\"https:\\\/\\\/samantha-claire.com\\\/wp-content\\\/uploads\\\/elementor\\\/thumbs\\\/Skaermbillede_2024-06-04_kl._10.15.31-removebg-preview-qp5maq9q90ie5nhty6ggkhkn3vod26umsyt9e8l8aw.png\",\"contentUrl\":\"https:\\\/\\\/samantha-claire.com\\\/wp-content\\\/uploads\\\/elementor\\\/thumbs\\\/Skaermbillede_2024-06-04_kl._10.15.31-removebg-preview-qp5maq9q90ie5nhty6ggkhkn3vod26umsyt9e8l8aw.png\"},{\"@type\":\"BreadcrumbList\",\"@id\":\"https:\\\/\\\/samantha-claire.com\\\/da\\\/musik-og-tekster\\\/#breadcrumb\",\"itemListElement\":[{\"@type\":\"ListItem\",\"position\":1,\"name\":\"Forside\",\"item\":\"https:\\\/\\\/samantha-claire.com\\\/\"},{\"@type\":\"ListItem\",\"position\":2,\"name\":\"Musik og tekster\"}]},{\"@type\":\"WebSite\",\"@id\":\"https:\\\/\\\/samantha-claire.com\\\/#website\",\"url\":\"https:\\\/\\\/samantha-claire.com\\\/\",\"name\":\"Samantha Claire\",\"description\":\"Unlock inner peace and healing: Sound Therapy, trauma healing, and meditation in Copenhagen\",\"publisher\":{\"@id\":\"https:\\\/\\\/samantha-claire.com\\\/#organization\"},\"potentialAction\":[{\"@type\":\"SearchAction\",\"target\":{\"@type\":\"EntryPoint\",\"urlTemplate\":\"https:\\\/\\\/samantha-claire.com\\\/?s={search_term_string}\"},\"query-input\":{\"@type\":\"PropertyValueSpecification\",\"valueRequired\":true,\"valueName\":\"search_term_string\"}}],\"inLanguage\":\"da-DK\"},{\"@type\":\"Organization\",\"@id\":\"https:\\\/\\\/samantha-claire.com\\\/#organization\",\"name\":\"Samantha Claire\",\"url\":\"https:\\\/\\\/samantha-claire.com\\\/\",\"logo\":{\"@type\":\"ImageObject\",\"inLanguage\":\"da-DK\",\"@id\":\"https:\\\/\\\/samantha-claire.com\\\/#\\\/schema\\\/logo\\\/image\\\/\",\"url\":\"https:\\\/\\\/samantha-claire.com\\\/wp-content\\\/uploads\\\/2024\\\/06\\\/cropped-SC_logo20-1-removebg-preview.png\",\"contentUrl\":\"https:\\\/\\\/samantha-claire.com\\\/wp-content\\\/uploads\\\/2024\\\/06\\\/cropped-SC_logo20-1-removebg-preview.png\",\"width\":648,\"height\":165,\"caption\":\"Samantha Claire\"},\"image\":{\"@id\":\"https:\\\/\\\/samantha-claire.com\\\/#\\\/schema\\\/logo\\\/image\\\/\"}}]}<\/script>\n<!-- \/ Yoast SEO plugin. -->","yoast_head_json":{"title":"Musik og tekster | Samantha Claire","robots":{"index":"index","follow":"follow","max-snippet":"max-snippet:-1","max-image-preview":"max-image-preview:large","max-video-preview":"max-video-preview:-1"},"canonical":"https:\/\/samantha-claire.com\/da\/musik-og-tekster\/","og_locale":"da_DK","og_type":"article","og_title":"Musik og tekster | Samantha Claire","og_description":"samantha@samantha-claire.com Musik Samantha Claire har altid haft en dyb k\u00e6rlighed til musik, en kunstform, som hun mener overskrider gr\u00e6nser og forbinder mennesker p\u00e5 et dybt, f\u00f8lelsesm\u00e6ssigt niveau. Samantha henter inspiration fra forskellige samfund med traditionel medicinmusik over hele verden og tilf\u00f8rer sit arbejde et rigt tapet af kulturelle p\u00e5virkninger og skaber en unik og resonant ... L\u00e6s Mere","og_url":"https:\/\/samantha-claire.com\/da\/musik-og-tekster\/","og_site_name":"Samantha Claire","article_modified_time":"2024-10-21T15:24:55+00:00","og_image":[{"url":"https:\/\/samantha-claire.com\/wp-content\/uploads\/elementor\/thumbs\/Skaermbillede_2024-06-04_kl._10.15.31-removebg-preview-qp5maq9q90ie5nhty6ggkhkn3vod26umsyt9e8l8aw.png","type":"","width":"","height":""}],"twitter_card":"summary_large_image","twitter_misc":{"Estimeret l\u00e6setid":"2 minutter"},"schema":{"@context":"https:\/\/schema.org","@graph":[{"@type":"WebPage","@id":"https:\/\/samantha-claire.com\/da\/musik-og-tekster\/","url":"https:\/\/samantha-claire.com\/da\/musik-og-tekster\/","name":"Musik og tekster | Samantha Claire","isPartOf":{"@id":"https:\/\/samantha-claire.com\/#website"},"primaryImageOfPage":{"@id":"https:\/\/samantha-claire.com\/da\/musik-og-tekster\/#primaryimage"},"image":{"@id":"https:\/\/samantha-claire.com\/da\/musik-og-tekster\/#primaryimage"},"thumbnailUrl":"https:\/\/samantha-claire.com\/wp-content\/uploads\/elementor\/thumbs\/Skaermbillede_2024-06-04_kl._10.15.31-removebg-preview-qp5maq9q90ie5nhty6ggkhkn3vod26umsyt9e8l8aw.png","datePublished":"2024-06-04T11:15:14+00:00","dateModified":"2024-10-21T15:24:55+00:00","breadcrumb":{"@id":"https:\/\/samantha-claire.com\/da\/musik-og-tekster\/#breadcrumb"},"inLanguage":"da-DK","potentialAction":[{"@type":"ReadAction","target":["https:\/\/samantha-claire.com\/da\/musik-og-tekster\/"]}]},{"@type":"ImageObject","inLanguage":"da-DK","@id":"https:\/\/samantha-claire.com\/da\/musik-og-tekster\/#primaryimage","url":"https:\/\/samantha-claire.com\/wp-content\/uploads\/elementor\/thumbs\/Skaermbillede_2024-06-04_kl._10.15.31-removebg-preview-qp5maq9q90ie5nhty6ggkhkn3vod26umsyt9e8l8aw.png","contentUrl":"https:\/\/samantha-claire.com\/wp-content\/uploads\/elementor\/thumbs\/Skaermbillede_2024-06-04_kl._10.15.31-removebg-preview-qp5maq9q90ie5nhty6ggkhkn3vod26umsyt9e8l8aw.png"},{"@type":"BreadcrumbList","@id":"https:\/\/samantha-claire.com\/da\/musik-og-tekster\/#breadcrumb","itemListElement":[{"@type":"ListItem","position":1,"name":"Forside","item":"https:\/\/samantha-claire.com\/"},{"@type":"ListItem","position":2,"name":"Musik og tekster"}]},{"@type":"WebSite","@id":"https:\/\/samantha-claire.com\/#website","url":"https:\/\/samantha-claire.com\/","name":"Samantha Claire","description":"Unlock inner peace and healing: Sound Therapy, trauma healing, and meditation in Copenhagen","publisher":{"@id":"https:\/\/samantha-claire.com\/#organization"},"potentialAction":[{"@type":"SearchAction","target":{"@type":"EntryPoint","urlTemplate":"https:\/\/samantha-claire.com\/?s={search_term_string}"},"query-input":{"@type":"PropertyValueSpecification","valueRequired":true,"valueName":"search_term_string"}}],"inLanguage":"da-DK"},{"@type":"Organization","@id":"https:\/\/samantha-claire.com\/#organization","name":"Samantha Claire","url":"https:\/\/samantha-claire.com\/","logo":{"@type":"ImageObject","inLanguage":"da-DK","@id":"https:\/\/samantha-claire.com\/#\/schema\/logo\/image\/","url":"https:\/\/samantha-claire.com\/wp-content\/uploads\/2024\/06\/cropped-SC_logo20-1-removebg-preview.png","contentUrl":"https:\/\/samantha-claire.com\/wp-content\/uploads\/2024\/06\/cropped-SC_logo20-1-removebg-preview.png","width":648,"height":165,"caption":"Samantha Claire"},"image":{"@id":"https:\/\/samantha-claire.com\/#\/schema\/logo\/image\/"}}]}},"_links":{"self":[{"href":"https:\/\/samantha-claire.com\/da\/wp-json\/wp\/v2\/pages\/9688","targetHints":{"allow":["GET"]}}],"collection":[{"href":"https:\/\/samantha-claire.com\/da\/wp-json\/wp\/v2\/pages"}],"about":[{"href":"https:\/\/samantha-claire.com\/da\/wp-json\/wp\/v2\/types\/page"}],"author":[{"embeddable":true,"href":"https:\/\/samantha-claire.com\/da\/wp-json\/wp\/v2\/users\/9"}],"replies":[{"embeddable":true,"href":"https:\/\/samantha-claire.com\/da\/wp-json\/wp\/v2\/comments?post=9688"}],"version-history":[{"count":6,"href":"https:\/\/samantha-claire.com\/da\/wp-json\/wp\/v2\/pages\/9688\/revisions"}],"predecessor-version":[{"id":9782,"href":"https:\/\/samantha-claire.com\/da\/wp-json\/wp\/v2\/pages\/9688\/revisions\/9782"}],"wp:attachment":[{"href":"https:\/\/samantha-claire.com\/da\/wp-json\/wp\/v2\/media?parent=9688"}],"wp:term":[{"taxonomy":"category","embeddable":true,"href":"https:\/\/samantha-claire.com\/da\/wp-json\/wp\/v2\/categories?post=9688"}],"curies":[{"name":"wp","href":"https:\/\/api.w.org\/{rel}","templated":true}]}}