{"id":9699,"date":"2024-06-04T13:15:14","date_gmt":"2024-06-04T11:15:14","guid":{"rendered":"https:\/\/samantha-claire.com\/coaching-og-traumeterapi\/"},"modified":"2024-10-21T17:21:43","modified_gmt":"2024-10-21T15:21:43","slug":"coaching-og-traumeterapi","status":"publish","type":"page","link":"https:\/\/samantha-claire.com\/da\/coaching-og-traumeterapi\/","title":{"rendered":"Coaching og traumeterapi"},"content":{"rendered":"\t\t<div data-elementor-type=\"wp-page\" data-elementor-id=\"9699\" class=\"elementor elementor-9699 elementor-8846\" data-elementor-post-type=\"page\">\n\t\t\t\t<div class=\"elementor-element elementor-element-1289e901 dark e-flex e-con-boxed e-con e-parent\" data-id=\"1289e901\" data-element_type=\"container\" data-e-type=\"container\">\n\t\t\t\t\t<div class=\"e-con-inner\">\n\t\t\t\t<div class=\"elementor-element elementor-element-7781b1dc elementor-icon-list--layout-inline elementor-align-start elementor-widget__width-initial elementor-list-item-link-full_width elementor-widget elementor-widget-icon-list\" data-id=\"7781b1dc\" data-element_type=\"widget\" data-e-type=\"widget\" data-widget_type=\"icon-list.default\">\n\t\t\t\t<div class=\"elementor-widget-container\">\n\t\t\t\t\t\t\t<ul class=\"elementor-icon-list-items elementor-inline-items\">\n\t\t\t\t\t\t\t<li class=\"elementor-icon-list-item elementor-inline-item\">\n\t\t\t\t\t\t\t\t\t\t\t<a href=\"mailto:samantha@samantha-claire.com\">\n\n\t\t\t\t\t\t\t\t\t\t\t<span class=\"elementor-icon-list-text\">samantha@samantha-claire.com<\/span>\n\t\t\t\t\t\t\t\t\t\t\t<\/a>\n\t\t\t\t\t\t\t\t\t<\/li>\n\t\t\t\t\t\t<\/ul>\n\t\t\t\t\t\t<\/div>\n\t\t\t\t<\/div>\n\t\t\t\t\t<\/div>\n\t\t\t\t<\/div>\n\t\t<div class=\"elementor-element elementor-element-42484b62 e-con-full no-padding e-flex e-con e-parent\" data-id=\"42484b62\" data-element_type=\"container\" data-e-type=\"container\">\n\t\t<div class=\"elementor-element elementor-element-60915924 e-con-full e-flex e-con e-child\" data-id=\"60915924\" data-element_type=\"container\" data-e-type=\"container\" data-settings=\"{&quot;background_background&quot;:&quot;classic&quot;}\">\n\t\t\t\t<\/div>\n\t\t<div class=\"elementor-element elementor-element-21b2a568 e-con-full contained e-flex e-con e-child\" data-id=\"21b2a568\" data-element_type=\"container\" data-e-type=\"container\">\n\t\t\t\t<div class=\"elementor-element elementor-element-5999188d elementor-widget elementor-widget-heading\" data-id=\"5999188d\" data-element_type=\"widget\" data-e-type=\"widget\" data-widget_type=\"heading.default\">\n\t\t\t\t<div class=\"elementor-widget-container\">\n\t\t\t\t\t<h6 class=\"elementor-heading-title elementor-size-default\">Coaching og traumeterapi<\/h6>\t\t\t\t<\/div>\n\t\t\t\t<\/div>\n\t\t\t\t<div class=\"elementor-element elementor-element-596d7bd5 elementor-widget elementor-widget-image\" data-id=\"596d7bd5\" data-element_type=\"widget\" data-e-type=\"widget\" data-widget_type=\"image.default\">\n\t\t\t\t<div class=\"elementor-widget-container\">\n\t\t\t\t\t\t\t\t\t\t\t\t\t\t\t<img decoding=\"async\" src=\"https:\/\/samantha-claire.com\/wp-content\/uploads\/elementor\/thumbs\/Skaermbillede_2024-06-04_kl._10.15.31-removebg-preview-qp5maq9q90ie5nhty6ggkhkn3vod26umsyt9e8l8aw.png\" title=\"Sk\u00e6rmbillede_2024-06-04_kl._10.15.31-removebg-preview\" alt=\"Sk\u00e6rmbillede_2024-06-04_kl._10.15.31-removebg-preview\" loading=\"lazy\" \/>\t\t\t\t\t\t\t\t\t\t\t\t\t\t\t<\/div>\n\t\t\t\t<\/div>\n\t\t\t\t<div class=\"elementor-element elementor-element-41a5ff25 elementor-widget elementor-widget-text-editor\" data-id=\"41a5ff25\" data-element_type=\"widget\" data-e-type=\"widget\" data-widget_type=\"text-editor.default\">\n\t\t\t\t<div class=\"elementor-widget-container\">\n\t\t\t\t\t\t\t\t\t<blockquote>\n<p><span style=\"color: #000000;\"><em>F\u00f8ler du, at der er et st\u00f8rre form\u00e5l med dit liv?<\/em><\/span><\/p>\n<p><span style=\"color: #000000;\"><em>F\u00f8ler du, at du ikke udlever dit sande potentiale?<\/em><\/span><\/p>\n<p><span style=\"color: #000000;\"><em>Vil du vide mere om, hvem du er som \u00e5ndeligt v\u00e6sen?<\/em><\/span><\/p>\n<p><span style=\"color: #000000;\"><em>Har du behov for at genskabe forbindelsen til din sande essens og forst\u00e5 dit eget spirituelle v\u00e6sen?<\/em><\/span><\/p>\n<p><span style=\"color: #000000;\"><em>L\u00e6nges du efter at foretage de vigtige \u00e6ndringer, men er ikke sikker p\u00e5, hvordan du skal g\u00f8re det?<\/em><\/span><\/p>\n<p><span style=\"color: #000000;\"><em>F\u00f8ler du dig afkoblet fra dig selv, overflod og dit eget lys?<\/em><\/span><\/p>\n<\/blockquote>\n<p>I stedet for at fokusere p\u00e5 de ydre faktorer i dit liv, fokuserer den spirituelle coaching, Samantha tilbyder, p\u00e5 det indre arbejde i sind, krop og sj\u00e6l. Disse sessioner vil hj\u00e6lpe og l\u00e6re dig, at spiritualitet ofte er et af de bedste v\u00e6rkt\u00f8jer, du kan bruge til at overvinde livets problemer. Sessionerne vil ogs\u00e5 vise dig, hvordan du kan frig\u00f8re dig fra et helt livs begr\u00e6nsninger og hj\u00e6lpe dig med at finde gl\u00e6de og harmoni i dit liv.  <\/p>\n<p>L\u00e6r, hvordan du kan forsvare dig selv og kr\u00e6ve din kraft og vitalitet tilbage p\u00e5 alle niveauer.<\/p>\n\t\t\t\t\t\t\t\t<\/div>\n\t\t\t\t<\/div>\n\t\t\t\t<\/div>\n\t\t\t\t<\/div>\n\t\t<div class=\"elementor-element elementor-element-54eb8ff4 e-flex e-con-boxed e-con e-parent\" data-id=\"54eb8ff4\" data-element_type=\"container\" data-e-type=\"container\" data-settings=\"{&quot;background_background&quot;:&quot;classic&quot;}\">\n\t\t\t\t\t<div class=\"e-con-inner\">\n\t\t\t\t<div class=\"elementor-element elementor-element-25ac2c69 elementor-widget elementor-widget-text-editor\" data-id=\"25ac2c69\" data-element_type=\"widget\" data-e-type=\"widget\" data-widget_type=\"text-editor.default\">\n\t\t\t\t<div class=\"elementor-widget-container\">\n\t\t\t\t\t\t\t\t\t<p style=\"text-align: center;\">Samantha Claire understreger, at coaching og terapi spiller forskellige, men komplement\u00e6re roller i personlig udvikling og mental sundhed. Terapi fokuserer p\u00e5 at hele tidligere traumer, l\u00f8se psykologiske problemer og forst\u00e5 dybtliggende f\u00f8lelsesm\u00e6ssige m\u00f8nstre. Det er vigtigt for personer, der k\u00e6mper med psykiske problemer, eller som \u00f8nsker at forst\u00e5 deres fortid. Coaching er derimod fremadrettet og har til form\u00e5l at frig\u00f8re en persons potentiale og hj\u00e6lpe dem med at n\u00e5 specifikke personlige eller professionelle m\u00e5l. Det handler ofte om at forbedre pr\u00e6stationer, finde klarhed og skabe brugbare planer for fremtiden. Mens terapi skaber grundlaget for f\u00f8lelsesm\u00e6ssig stabilitet og helbredelse, bygger coaching videre p\u00e5 denne stabilitet for at hj\u00e6lpe den enkelte til at trives og realisere sit fulde potentiale.     <\/p>\n<p style=\"text-align: center;\"><strong>Disse sessioner er tilg\u00e6ngelige personligt eller online. <a href=\"https:\/\/samantha-claire.com\/da\/opret-forbindelse\/\">Kontakt Samantha<\/a> direkte for mere information<\/strong><\/p>\n\t\t\t\t\t\t\t\t<\/div>\n\t\t\t\t<\/div>\n\t\t\t\t\t<\/div>\n\t\t\t\t<\/div>\n\t\t<div class=\"elementor-element elementor-element-317be5d7 e-flex e-con-boxed e-con e-parent\" data-id=\"317be5d7\" data-element_type=\"container\" data-e-type=\"container\" data-settings=\"{&quot;background_background&quot;:&quot;classic&quot;}\">\n\t\t\t\t\t<div class=\"e-con-inner\">\n\t\t\t\t<div class=\"elementor-element elementor-element-726b40d8 elementor-widget elementor-widget-heading\" data-id=\"726b40d8\" data-element_type=\"widget\" data-e-type=\"widget\" data-widget_type=\"heading.default\">\n\t\t\t\t<div class=\"elementor-widget-container\">\n\t\t\t\t\t<h6 class=\"elementor-heading-title elementor-size-default\">Integration<\/h6>\t\t\t\t<\/div>\n\t\t\t\t<\/div>\n\t\t\t\t<div class=\"elementor-element elementor-element-2db8b13c elementor-widget elementor-widget-image\" data-id=\"2db8b13c\" data-element_type=\"widget\" data-e-type=\"widget\" data-widget_type=\"image.default\">\n\t\t\t\t<div class=\"elementor-widget-container\">\n\t\t\t\t\t\t\t\t\t\t\t\t\t\t\t<img decoding=\"async\" src=\"https:\/\/samantha-claire.com\/wp-content\/uploads\/elementor\/thumbs\/Skaermbillede_2024-06-04_kl._10.15.31-removebg-preview-qp5maq9q90ie5nhty6ggkhkn3vod26umsyt9e8l8aw.png\" title=\"Sk\u00e6rmbillede_2024-06-04_kl._10.15.31-removebg-preview\" alt=\"Sk\u00e6rmbillede_2024-06-04_kl._10.15.31-removebg-preview\" loading=\"lazy\" \/>\t\t\t\t\t\t\t\t\t\t\t\t\t\t\t<\/div>\n\t\t\t\t<\/div>\n\t\t\t\t<div class=\"elementor-element elementor-element-7733667c elementor-widget elementor-widget-text-editor\" data-id=\"7733667c\" data-element_type=\"widget\" data-e-type=\"widget\" data-widget_type=\"text-editor.default\">\n\t\t\t\t<div class=\"elementor-widget-container\">\n\t\t\t\t\t\t\t\t\t<p>Vision\u00e6r plantemedicin er et udtryk, der beskriver den gruppe af entheogene &#8220;l\u00e6rer&#8221;-planter, som f\u00f8rst blev brugt i traditionelle samfund over hele verden til at fremme trivsel og helbredelse p\u00e5 individ- og samfundsniveau. Denne gruppe omfatter ayahuasca, wachuma, iboga, peyote og psykedeliske svampe.<br \/>Jeg har specialiseret mig i at hj\u00e6lpe folk f\u00f8r og efter plantemedicinske sessioner. Jeg har arbejdet sammen med planterne i 20 \u00e5r. Jeg har arbejdet med forskellige indf\u00f8dte shamaner undervejs. Jeg f\u00f8ler, at plantemedicin kan v\u00e6re en vigtig del af ens sj\u00e6lerejse, og jeg tror, at denne medicin har meget at l\u00e6re os.<br \/>N\u00e5r det er sagt, s\u00e5 har jeg ogs\u00e5 set mange mennesker g\u00e5 ind i dette arbejde helt uforberedt, og s\u00e5dan beh\u00f8ver det ikke at v\u00e6re. Jeg har ogs\u00e5 set mange mennesker k\u00e6mpe med at integrere deres oplevelser efter ceremonier, hvilket for\u00e5rsager personlig smerte og lidelse, der ogs\u00e5 p\u00e5virker dem omkring dem, s\u00e5som familie og venner. Jeg tror p\u00e5 at integrere l\u00e6ren og indsigterne fra arbejdet med disse planter, s\u00e5vel som andre kraftfulde metoder, der er let tilg\u00e6ngelige for os i disse tider.      <\/p>\n<h4>Tegn p\u00e5, at du m\u00e5ske har sv\u00e6rt ved at blive integreret?<\/h4>\n<p>&#8211; S\u00f8vnproblemer.<br \/>&#8211; \u00c6ndringer i din appetit (stigning eller fald).<br \/>&#8211; F\u00f8ler sig nerv\u00f8s og meget f\u00f8lsom over for st\u00f8j, lys, lugte osv.<br \/>&#8211; St\u00f8rre angst end normalt og\/eller f\u00f8lelse af isolation.<br \/>&#8211; F\u00f8ler en st\u00e6rk lyst til at arbejde med medicin igen med det samme.<br \/>&#8211; At falde ind i gamle (nogle gange MEGET gamle) m\u00f8nstre og vaner.<br \/>&#8211; At f\u00f8le sig dybt misforst\u00e5et af og potentielt afvist af mennesker i dit liv, som du tidligere var t\u00e6t p\u00e5.<\/p>\n\t\t\t\t\t\t\t\t<\/div>\n\t\t\t\t<\/div>\n\t\t\t\t\t<\/div>\n\t\t\t\t<\/div>\n\t\t<div class=\"elementor-element elementor-element-660a9425 e-flex e-con-boxed e-con e-parent\" data-id=\"660a9425\" data-element_type=\"container\" data-e-type=\"container\">\n\t\t\t\t\t<div class=\"e-con-inner\">\n\t\t<div class=\"elementor-element elementor-element-3995e87c e-con-full e-flex e-con e-child\" data-id=\"3995e87c\" data-element_type=\"container\" data-e-type=\"container\">\n\t\t<div class=\"elementor-element elementor-element-7b8f9a9f e-con-full e-flex e-con e-child\" data-id=\"7b8f9a9f\" data-element_type=\"container\" data-e-type=\"container\">\n\t\t\t\t<div class=\"elementor-element elementor-element-412ab1b7 elementor-widget elementor-widget-text-editor\" data-id=\"412ab1b7\" data-element_type=\"widget\" data-e-type=\"widget\" data-widget_type=\"text-editor.default\">\n\t\t\t\t<div class=\"elementor-widget-container\">\n\t\t\t\t\t\t\t\t\t<h3>Abonner<\/h3>\n<p>Tilmeld dig Samanthas nyhedsbrev og modtag opdateringer om retreats og kommende arrangementer. Ingen spam, det lover jeg! <\/p>\n\t\t\t\t\t\t\t\t<\/div>\n\t\t\t\t<\/div>\n\t\t\t\t<\/div>\n\t\t<div class=\"elementor-element elementor-element-47e7649f e-con-full e-flex e-con e-child\" data-id=\"47e7649f\" data-element_type=\"container\" data-e-type=\"container\">\n\t\t\t\t<div class=\"elementor-element elementor-element-1bbb1851 underline elementor-widget elementor-widget-shortcode\" data-id=\"1bbb1851\" data-element_type=\"widget\" data-e-type=\"widget\" data-widget_type=\"shortcode.default\">\n\t\t\t\t<div class=\"elementor-widget-container\">\n\t\t\t\t\t\t\t<div class=\"elementor-shortcode\"><form id=\"forminator-module-9743\" class=\"forminator-custom-form forminator-custom-form-9743\" method=\"post\" data-forminator-render=\"0\" data-uid=\"69edbd9366ead\"><div role=\"alert\" aria-live=\"polite\" class=\"forminator-response-message forminator-error\" aria-hidden=\"true\"><\/div><\/form><\/div>\n\t\t\t\t\t\t<\/div>\n\t\t\t\t<\/div>\n\t\t\t\t<\/div>\n\t\t\t\t<\/div>\n\t\t\t\t\t<\/div>\n\t\t\t\t<\/div>\n\t\t\t\t<\/div>\n\t\t","protected":false},"excerpt":{"rendered":"<p>samantha@samantha-claire.com Coaching og traumeterapi F\u00f8ler du, at der er et st\u00f8rre form\u00e5l med dit liv? F\u00f8ler du, at du ikke udlever dit sande potentiale? Vil du vide mere om, hvem du er som \u00e5ndeligt v\u00e6sen? Har du behov for at genskabe forbindelsen til din sande essens og forst\u00e5 dit eget spirituelle v\u00e6sen? L\u00e6nges du efter &#8230; <a title=\"Coaching og traumeterapi\" class=\"read-more\" href=\"https:\/\/samantha-claire.com\/da\/coaching-og-traumeterapi\/\" aria-label=\"Read more about Coaching og traumeterapi\">L\u00e6s Mere<\/a><\/p>\n","protected":false},"author":9,"featured_media":0,"parent":0,"menu_order":1002,"comment_status":"closed","ping_status":"closed","template":"","meta":{"_acf_changed":false,"footnotes":""},"categories":[],"class_list":["post-9699","page","type-page","status-publish"],"acf":[],"yoast_head":"<!-- This site is optimized with the Yoast SEO plugin v27.4 - https:\/\/yoast.com\/product\/yoast-seo-wordpress\/ -->\n<title>Coaching og traumeterapi | Samantha Claire<\/title>\n<meta name=\"robots\" content=\"index, follow, max-snippet:-1, max-image-preview:large, max-video-preview:-1\" \/>\n<link rel=\"canonical\" href=\"https:\/\/samantha-claire.com\/da\/coaching-og-traumeterapi\/\" \/>\n<meta property=\"og:locale\" content=\"da_DK\" \/>\n<meta property=\"og:type\" content=\"article\" \/>\n<meta property=\"og:title\" content=\"Coaching og traumeterapi | Samantha Claire\" \/>\n<meta property=\"og:description\" content=\"samantha@samantha-claire.com Coaching og traumeterapi F\u00f8ler du, at der er et st\u00f8rre form\u00e5l med dit liv? F\u00f8ler du, at du ikke udlever dit sande potentiale? Vil du vide mere om, hvem du er som \u00e5ndeligt v\u00e6sen? Har du behov for at genskabe forbindelsen til din sande essens og forst\u00e5 dit eget spirituelle v\u00e6sen? L\u00e6nges du efter ... L\u00e6s Mere\" \/>\n<meta property=\"og:url\" content=\"https:\/\/samantha-claire.com\/da\/coaching-og-traumeterapi\/\" \/>\n<meta property=\"og:site_name\" content=\"Samantha Claire\" \/>\n<meta property=\"article:modified_time\" content=\"2024-10-21T15:21:43+00:00\" \/>\n<meta property=\"og:image\" content=\"https:\/\/samantha-claire.com\/wp-content\/uploads\/elementor\/thumbs\/Skaermbillede_2024-06-04_kl._10.15.31-removebg-preview-qp5maq9q90ie5nhty6ggkhkn3vod26umsyt9e8l8aw.png\" \/>\n<meta name=\"twitter:card\" content=\"summary_large_image\" \/>\n<meta name=\"twitter:label1\" content=\"Estimeret l\u00e6setid\" \/>\n\t<meta name=\"twitter:data1\" content=\"3 minutter\" \/>\n<script type=\"application\/ld+json\" class=\"yoast-schema-graph\">{\"@context\":\"https:\\\/\\\/schema.org\",\"@graph\":[{\"@type\":\"WebPage\",\"@id\":\"https:\\\/\\\/samantha-claire.com\\\/da\\\/coaching-og-traumeterapi\\\/\",\"url\":\"https:\\\/\\\/samantha-claire.com\\\/da\\\/coaching-og-traumeterapi\\\/\",\"name\":\"Coaching og traumeterapi | Samantha Claire\",\"isPartOf\":{\"@id\":\"https:\\\/\\\/samantha-claire.com\\\/#website\"},\"primaryImageOfPage\":{\"@id\":\"https:\\\/\\\/samantha-claire.com\\\/da\\\/coaching-og-traumeterapi\\\/#primaryimage\"},\"image\":{\"@id\":\"https:\\\/\\\/samantha-claire.com\\\/da\\\/coaching-og-traumeterapi\\\/#primaryimage\"},\"thumbnailUrl\":\"https:\\\/\\\/samantha-claire.com\\\/wp-content\\\/uploads\\\/elementor\\\/thumbs\\\/Skaermbillede_2024-06-04_kl._10.15.31-removebg-preview-qp5maq9q90ie5nhty6ggkhkn3vod26umsyt9e8l8aw.png\",\"datePublished\":\"2024-06-04T11:15:14+00:00\",\"dateModified\":\"2024-10-21T15:21:43+00:00\",\"breadcrumb\":{\"@id\":\"https:\\\/\\\/samantha-claire.com\\\/da\\\/coaching-og-traumeterapi\\\/#breadcrumb\"},\"inLanguage\":\"da-DK\",\"potentialAction\":[{\"@type\":\"ReadAction\",\"target\":[\"https:\\\/\\\/samantha-claire.com\\\/da\\\/coaching-og-traumeterapi\\\/\"]}]},{\"@type\":\"ImageObject\",\"inLanguage\":\"da-DK\",\"@id\":\"https:\\\/\\\/samantha-claire.com\\\/da\\\/coaching-og-traumeterapi\\\/#primaryimage\",\"url\":\"https:\\\/\\\/samantha-claire.com\\\/wp-content\\\/uploads\\\/elementor\\\/thumbs\\\/Skaermbillede_2024-06-04_kl._10.15.31-removebg-preview-qp5maq9q90ie5nhty6ggkhkn3vod26umsyt9e8l8aw.png\",\"contentUrl\":\"https:\\\/\\\/samantha-claire.com\\\/wp-content\\\/uploads\\\/elementor\\\/thumbs\\\/Skaermbillede_2024-06-04_kl._10.15.31-removebg-preview-qp5maq9q90ie5nhty6ggkhkn3vod26umsyt9e8l8aw.png\"},{\"@type\":\"BreadcrumbList\",\"@id\":\"https:\\\/\\\/samantha-claire.com\\\/da\\\/coaching-og-traumeterapi\\\/#breadcrumb\",\"itemListElement\":[{\"@type\":\"ListItem\",\"position\":1,\"name\":\"Forside\",\"item\":\"https:\\\/\\\/samantha-claire.com\\\/\"},{\"@type\":\"ListItem\",\"position\":2,\"name\":\"Coaching og traumeterapi\"}]},{\"@type\":\"WebSite\",\"@id\":\"https:\\\/\\\/samantha-claire.com\\\/#website\",\"url\":\"https:\\\/\\\/samantha-claire.com\\\/\",\"name\":\"Samantha Claire\",\"description\":\"Unlock inner peace and healing: Sound Therapy, trauma healing, and meditation in Copenhagen\",\"publisher\":{\"@id\":\"https:\\\/\\\/samantha-claire.com\\\/#organization\"},\"potentialAction\":[{\"@type\":\"SearchAction\",\"target\":{\"@type\":\"EntryPoint\",\"urlTemplate\":\"https:\\\/\\\/samantha-claire.com\\\/?s={search_term_string}\"},\"query-input\":{\"@type\":\"PropertyValueSpecification\",\"valueRequired\":true,\"valueName\":\"search_term_string\"}}],\"inLanguage\":\"da-DK\"},{\"@type\":\"Organization\",\"@id\":\"https:\\\/\\\/samantha-claire.com\\\/#organization\",\"name\":\"Samantha Claire\",\"url\":\"https:\\\/\\\/samantha-claire.com\\\/\",\"logo\":{\"@type\":\"ImageObject\",\"inLanguage\":\"da-DK\",\"@id\":\"https:\\\/\\\/samantha-claire.com\\\/#\\\/schema\\\/logo\\\/image\\\/\",\"url\":\"https:\\\/\\\/samantha-claire.com\\\/wp-content\\\/uploads\\\/2024\\\/06\\\/cropped-SC_logo20-1-removebg-preview.png\",\"contentUrl\":\"https:\\\/\\\/samantha-claire.com\\\/wp-content\\\/uploads\\\/2024\\\/06\\\/cropped-SC_logo20-1-removebg-preview.png\",\"width\":648,\"height\":165,\"caption\":\"Samantha Claire\"},\"image\":{\"@id\":\"https:\\\/\\\/samantha-claire.com\\\/#\\\/schema\\\/logo\\\/image\\\/\"}}]}<\/script>\n<!-- \/ Yoast SEO plugin. -->","yoast_head_json":{"title":"Coaching og traumeterapi | Samantha Claire","robots":{"index":"index","follow":"follow","max-snippet":"max-snippet:-1","max-image-preview":"max-image-preview:large","max-video-preview":"max-video-preview:-1"},"canonical":"https:\/\/samantha-claire.com\/da\/coaching-og-traumeterapi\/","og_locale":"da_DK","og_type":"article","og_title":"Coaching og traumeterapi | Samantha Claire","og_description":"samantha@samantha-claire.com Coaching og traumeterapi F\u00f8ler du, at der er et st\u00f8rre form\u00e5l med dit liv? F\u00f8ler du, at du ikke udlever dit sande potentiale? Vil du vide mere om, hvem du er som \u00e5ndeligt v\u00e6sen? Har du behov for at genskabe forbindelsen til din sande essens og forst\u00e5 dit eget spirituelle v\u00e6sen? L\u00e6nges du efter ... L\u00e6s Mere","og_url":"https:\/\/samantha-claire.com\/da\/coaching-og-traumeterapi\/","og_site_name":"Samantha Claire","article_modified_time":"2024-10-21T15:21:43+00:00","og_image":[{"url":"https:\/\/samantha-claire.com\/wp-content\/uploads\/elementor\/thumbs\/Skaermbillede_2024-06-04_kl._10.15.31-removebg-preview-qp5maq9q90ie5nhty6ggkhkn3vod26umsyt9e8l8aw.png","type":"","width":"","height":""}],"twitter_card":"summary_large_image","twitter_misc":{"Estimeret l\u00e6setid":"3 minutter"},"schema":{"@context":"https:\/\/schema.org","@graph":[{"@type":"WebPage","@id":"https:\/\/samantha-claire.com\/da\/coaching-og-traumeterapi\/","url":"https:\/\/samantha-claire.com\/da\/coaching-og-traumeterapi\/","name":"Coaching og traumeterapi | Samantha Claire","isPartOf":{"@id":"https:\/\/samantha-claire.com\/#website"},"primaryImageOfPage":{"@id":"https:\/\/samantha-claire.com\/da\/coaching-og-traumeterapi\/#primaryimage"},"image":{"@id":"https:\/\/samantha-claire.com\/da\/coaching-og-traumeterapi\/#primaryimage"},"thumbnailUrl":"https:\/\/samantha-claire.com\/wp-content\/uploads\/elementor\/thumbs\/Skaermbillede_2024-06-04_kl._10.15.31-removebg-preview-qp5maq9q90ie5nhty6ggkhkn3vod26umsyt9e8l8aw.png","datePublished":"2024-06-04T11:15:14+00:00","dateModified":"2024-10-21T15:21:43+00:00","breadcrumb":{"@id":"https:\/\/samantha-claire.com\/da\/coaching-og-traumeterapi\/#breadcrumb"},"inLanguage":"da-DK","potentialAction":[{"@type":"ReadAction","target":["https:\/\/samantha-claire.com\/da\/coaching-og-traumeterapi\/"]}]},{"@type":"ImageObject","inLanguage":"da-DK","@id":"https:\/\/samantha-claire.com\/da\/coaching-og-traumeterapi\/#primaryimage","url":"https:\/\/samantha-claire.com\/wp-content\/uploads\/elementor\/thumbs\/Skaermbillede_2024-06-04_kl._10.15.31-removebg-preview-qp5maq9q90ie5nhty6ggkhkn3vod26umsyt9e8l8aw.png","contentUrl":"https:\/\/samantha-claire.com\/wp-content\/uploads\/elementor\/thumbs\/Skaermbillede_2024-06-04_kl._10.15.31-removebg-preview-qp5maq9q90ie5nhty6ggkhkn3vod26umsyt9e8l8aw.png"},{"@type":"BreadcrumbList","@id":"https:\/\/samantha-claire.com\/da\/coaching-og-traumeterapi\/#breadcrumb","itemListElement":[{"@type":"ListItem","position":1,"name":"Forside","item":"https:\/\/samantha-claire.com\/"},{"@type":"ListItem","position":2,"name":"Coaching og traumeterapi"}]},{"@type":"WebSite","@id":"https:\/\/samantha-claire.com\/#website","url":"https:\/\/samantha-claire.com\/","name":"Samantha Claire","description":"Unlock inner peace and healing: Sound Therapy, trauma healing, and meditation in Copenhagen","publisher":{"@id":"https:\/\/samantha-claire.com\/#organization"},"potentialAction":[{"@type":"SearchAction","target":{"@type":"EntryPoint","urlTemplate":"https:\/\/samantha-claire.com\/?s={search_term_string}"},"query-input":{"@type":"PropertyValueSpecification","valueRequired":true,"valueName":"search_term_string"}}],"inLanguage":"da-DK"},{"@type":"Organization","@id":"https:\/\/samantha-claire.com\/#organization","name":"Samantha Claire","url":"https:\/\/samantha-claire.com\/","logo":{"@type":"ImageObject","inLanguage":"da-DK","@id":"https:\/\/samantha-claire.com\/#\/schema\/logo\/image\/","url":"https:\/\/samantha-claire.com\/wp-content\/uploads\/2024\/06\/cropped-SC_logo20-1-removebg-preview.png","contentUrl":"https:\/\/samantha-claire.com\/wp-content\/uploads\/2024\/06\/cropped-SC_logo20-1-removebg-preview.png","width":648,"height":165,"caption":"Samantha Claire"},"image":{"@id":"https:\/\/samantha-claire.com\/#\/schema\/logo\/image\/"}}]}},"_links":{"self":[{"href":"https:\/\/samantha-claire.com\/da\/wp-json\/wp\/v2\/pages\/9699","targetHints":{"allow":["GET"]}}],"collection":[{"href":"https:\/\/samantha-claire.com\/da\/wp-json\/wp\/v2\/pages"}],"about":[{"href":"https:\/\/samantha-claire.com\/da\/wp-json\/wp\/v2\/types\/page"}],"author":[{"embeddable":true,"href":"https:\/\/samantha-claire.com\/da\/wp-json\/wp\/v2\/users\/9"}],"replies":[{"embeddable":true,"href":"https:\/\/samantha-claire.com\/da\/wp-json\/wp\/v2\/comments?post=9699"}],"version-history":[{"count":4,"href":"https:\/\/samantha-claire.com\/da\/wp-json\/wp\/v2\/pages\/9699\/revisions"}],"predecessor-version":[{"id":9770,"href":"https:\/\/samantha-claire.com\/da\/wp-json\/wp\/v2\/pages\/9699\/revisions\/9770"}],"wp:attachment":[{"href":"https:\/\/samantha-claire.com\/da\/wp-json\/wp\/v2\/media?parent=9699"}],"wp:term":[{"taxonomy":"category","embeddable":true,"href":"https:\/\/samantha-claire.com\/da\/wp-json\/wp\/v2\/categories?post=9699"}],"curies":[{"name":"wp","href":"https:\/\/api.w.org\/{rel}","templated":true}]}}